{"id":16342,"date":"2025-07-17T14:37:55","date_gmt":"2025-07-17T12:37:55","guid":{"rendered":"https:\/\/nalanda-monastery.eu\/?page_id=16342"},"modified":"2025-10-19T11:40:00","modified_gmt":"2025-10-19T09:40:00","slug":"chokor-duchen-2025","status":"publish","type":"page","link":"https:\/\/nalanda-monastery.eu\/fr\/chokor-duchen-2025\/","title":{"rendered":"Ch\u00f6kor D\u00fcchen 07\/25"},"content":{"rendered":"<div data-elementor-type=\"wp-page\" data-elementor-id=\"16342\" class=\"elementor elementor-16342\" data-elementor-post-type=\"page\">\n\t\t\t\t\t\t<section class=\"elementor-section elementor-top-section elementor-element elementor-element-aa65291 elementor-section-height-min-height elementor-section-items-bottom elementor-section-boxed elementor-section-height-default\" data-id=\"aa65291\" data-element_type=\"section\" data-e-type=\"section\" data-settings=\"{&quot;background_background&quot;:&quot;classic&quot;}\">\n\t\t\t\t\t\t\t<div class=\"elementor-background-overlay\"><\/div>\n\t\t\t\t\t\t\t<div class=\"elementor-container elementor-column-gap-default\">\n\t\t\t\t\t<div class=\"elementor-column elementor-col-100 elementor-top-column elementor-element elementor-element-5a3402c\" data-id=\"5a3402c\" data-element_type=\"column\" data-e-type=\"column\" data-settings=\"{&quot;background_background&quot;:&quot;classic&quot;}\">\n\t\t\t<div class=\"elementor-widget-wrap elementor-element-populated\">\n\t\t\t\t\t\t<section class=\"elementor-section elementor-inner-section elementor-element elementor-element-efc02a7 elementor-section-boxed elementor-section-height-default elementor-section-height-default\" data-id=\"efc02a7\" data-element_type=\"section\" data-e-type=\"section\">\n\t\t\t\t\t\t\t<div class=\"elementor-background-overlay\"><\/div>\n\t\t\t\t\t\t\t<div class=\"elementor-container elementor-column-gap-default\">\n\t\t\t\t\t<div class=\"elementor-column elementor-col-100 elementor-inner-column elementor-element elementor-element-4d1d41c\" data-id=\"4d1d41c\" data-element_type=\"column\" data-e-type=\"column\">\n\t\t\t<div class=\"elementor-widget-wrap elementor-element-populated\">\n\t\t\t\t\t\t<div class=\"elementor-element elementor-element-a802d12 elementor-widget elementor-widget-heading\" data-id=\"a802d12\" data-element_type=\"widget\" data-e-type=\"widget\" data-widget_type=\"heading.default\">\n\t\t\t\t<div class=\"elementor-widget-container\">\n\t\t\t\t\t<h1 class=\"elementor-heading-title elementor-size-default\">Ch\u00f6khor D\u00fcchen 2025<\/h1>\t\t\t\t<\/div>\n\t\t\t\t<\/div>\n\t\t\t\t<div class=\"elementor-element elementor-element-b908ad9 elementor-widget elementor-widget-heading\" data-id=\"b908ad9\" data-element_type=\"widget\" data-e-type=\"widget\" data-widget_type=\"heading.default\">\n\t\t\t\t<div class=\"elementor-widget-container\">\n\t\t\t\t\t<h2 class=\"elementor-heading-title elementor-size-default\">Lundi 28 juillet 2025<\/h2>\t\t\t\t<\/div>\n\t\t\t\t<\/div>\n\t\t\t\t\t<\/div>\n\t\t<\/div>\n\t\t\t\t\t<\/div>\n\t\t<\/section>\n\t\t\t\t\t<\/div>\n\t\t<\/div>\n\t\t\t\t\t<\/div>\n\t\t<\/section>\n\t\t\t\t<section class=\"elementor-section elementor-top-section elementor-element elementor-element-4bb3428 elementor-section-boxed elementor-section-height-default elementor-section-height-default\" data-id=\"4bb3428\" data-element_type=\"section\" data-e-type=\"section\">\n\t\t\t\t\t\t<div class=\"elementor-container elementor-column-gap-default\">\n\t\t\t\t\t<div class=\"elementor-column elementor-col-33 elementor-top-column elementor-element elementor-element-4f146a2\" data-id=\"4f146a2\" data-element_type=\"column\" data-e-type=\"column\">\n\t\t\t<div class=\"elementor-widget-wrap elementor-element-populated\">\n\t\t\t\t\t\t<div class=\"elementor-element elementor-element-f45fdfb elementor-icon-list--layout-traditional elementor-list-item-link-full_width elementor-widget elementor-widget-icon-list\" data-id=\"f45fdfb\" data-element_type=\"widget\" data-e-type=\"widget\" data-widget_type=\"icon-list.default\">\n\t\t\t\t<div class=\"elementor-widget-container\">\n\t\t\t\t\t\t\t<ul class=\"elementor-icon-list-items\">\n\t\t\t\t\t\t\t<li class=\"elementor-icon-list-item\">\n\t\t\t\t\t\t\t\t\t\t\t<span class=\"elementor-icon-list-icon\">\n\t\t\t\t\t\t\t<i aria-hidden=\"true\" class=\"far fa-calendar-alt\"><\/i>\t\t\t\t\t\t<\/span>\n\t\t\t\t\t\t\t\t\t\t<span class=\"elementor-icon-list-text\">Lundi 28 juillet 2025<\/span>\n\t\t\t\t\t\t\t\t\t<\/li>\n\t\t\t\t\t\t\t\t<li class=\"elementor-icon-list-item\">\n\t\t\t\t\t\t\t\t\t\t\t<span class=\"elementor-icon-list-icon\">\n\t\t\t\t\t\t\t<i aria-hidden=\"true\" class=\"far fa-hourglass\"><\/i>\t\t\t\t\t\t<\/span>\n\t\t\t\t\t\t\t\t\t\t<span class=\"elementor-icon-list-text\">9:00 - 11:30<\/span>\n\t\t\t\t\t\t\t\t\t<\/li>\n\t\t\t\t\t\t\t\t<li class=\"elementor-icon-list-item\">\n\t\t\t\t\t\t\t\t\t\t\t<span class=\"elementor-icon-list-icon\">\n\t\t\t\t\t\t\t<i aria-hidden=\"true\" class=\"fas fa-location-arrow\"><\/i>\t\t\t\t\t\t<\/span>\n\t\t\t\t\t\t\t\t\t\t<span class=\"elementor-icon-list-text\">Le monast\u00e8re Nalanda<\/span>\n\t\t\t\t\t\t\t\t\t<\/li>\n\t\t\t\t\t\t<\/ul>\n\t\t\t\t\t\t<\/div>\n\t\t\t\t<\/div>\n\t\t\t\t<div class=\"elementor-element elementor-element-caa3188 elementor-widget elementor-widget-image\" data-id=\"caa3188\" data-element_type=\"widget\" data-e-type=\"widget\" data-widget_type=\"image.default\">\n\t\t\t\t<div class=\"elementor-widget-container\">\n\t\t\t\t\t\t\t\t\t\t\t\t\t\t\t<img fetchpriority=\"high\" decoding=\"async\" width=\"931\" height=\"1024\" src=\"https:\/\/nalanda-monastery.eu\/wp-content\/uploads\/2025\/07\/518313605_1159866182848420_695244786514195407_n-e1752756639126-931x1024.jpg\" class=\"attachment-large size-large wp-image-16344\" alt=\"A tangka depicting Buddha Shakyamuni\" srcset=\"https:\/\/nalanda-monastery.eu\/wp-content\/uploads\/2025\/07\/518313605_1159866182848420_695244786514195407_n-e1752756639126-931x1024.jpg 931w, https:\/\/nalanda-monastery.eu\/wp-content\/uploads\/2025\/07\/518313605_1159866182848420_695244786514195407_n-e1752756639126-273x300.jpg 273w, https:\/\/nalanda-monastery.eu\/wp-content\/uploads\/2025\/07\/518313605_1159866182848420_695244786514195407_n-e1752756639126-768x845.jpg 768w, https:\/\/nalanda-monastery.eu\/wp-content\/uploads\/2025\/07\/518313605_1159866182848420_695244786514195407_n-e1752756639126-11x12.jpg 11w, https:\/\/nalanda-monastery.eu\/wp-content\/uploads\/2025\/07\/518313605_1159866182848420_695244786514195407_n-e1752756639126-800x880.jpg 800w, https:\/\/nalanda-monastery.eu\/wp-content\/uploads\/2025\/07\/518313605_1159866182848420_695244786514195407_n-e1752756639126.jpg 1282w\" sizes=\"(max-width: 931px) 100vw, 931px\" \/>\t\t\t\t\t\t\t\t\t\t\t\t\t\t\t<\/div>\n\t\t\t\t<\/div>\n\t\t\t\t\t<\/div>\n\t\t<\/div>\n\t\t\t\t<div class=\"elementor-column elementor-col-66 elementor-top-column elementor-element elementor-element-5a35cde\" data-id=\"5a35cde\" data-element_type=\"column\" data-e-type=\"column\">\n\t\t\t<div class=\"elementor-widget-wrap elementor-element-populated\">\n\t\t\t\t\t\t<div class=\"elementor-element elementor-element-c6c7114 elementor-widget elementor-widget-heading\" data-id=\"c6c7114\" data-element_type=\"widget\" data-e-type=\"widget\" data-widget_type=\"heading.default\">\n\t\t\t\t<div class=\"elementor-widget-container\">\n\t\t\t\t\t<h3 class=\"elementor-heading-title elementor-size-large\">C\u00e9l\u00e9bration du Bouddha tournant la roue du Dharma<\/h3>\t\t\t\t<\/div>\n\t\t\t\t<\/div>\n\t\t\t\t<div class=\"elementor-element elementor-element-a12985b elementor-widget elementor-widget-text-editor\" data-id=\"a12985b\" data-element_type=\"widget\" data-e-type=\"widget\" data-widget_type=\"text-editor.default\">\n\t\t\t\t<div class=\"elementor-widget-container\">\n\t\t\t\t\t\t\t\t\t<p class=\" translation-block\"><span class=\"x6zurak x18bv5gf x184q3qc xqxll94 x1s928wv xhkezso x1gmr53x x1cpjm7i x1fgarty x1943h6x x193iq5w xeuugli x13faqbe x1vvkbs x1yc453h x1lliihq xzsf02u xlh3980 xvmahel x1x9mg3 xo1l8bm\" dir=\"auto\">Le lundi 28 juillet, de 9h00 \u00e0 11h30, le monast\u00e8re de Nalanda c\u00e9l\u00e9brera Ch\u00f6khor D\u00fcchen, <strong>l'anniversaire du premier enseignement du gourou Shakyamouni Bouddha<\/strong>, avec <strong>une grande offrande tsog \u00e0 Hayagriva<\/strong>, qui cl\u00f4turera la retraite Hayagriva.<\/p><p class=\" translation-block\"><span class=\"x6zurak x18bv5gf x184q3qc xqxll94 x1s928wv xhkezso x1gmr53x x1cpjm7i x1fgarty x1943h6x x193iq5w xeuugli x13faqbe x1vvkbs x1yc453h x1lliihq xzsf02u xlh3980 xvmahel x1x9mg3 xo1l8bm\" dir=\"auto\"><strong>Tout le monde est le bienvenu dans la gompa principale<\/strong>. En ce jour m\u00e9ritoire, la puissance de toute action est multipli\u00e9e par 100 millions.<\/p><p><span class=\"x6zurak x18bv5gf x184q3qc xqxll94 x1s928wv xhkezso x1gmr53x x1cpjm7i x1fgarty x1943h6x x193iq5w xeuugli x13faqbe x1vvkbs x1yc453h x1lliihq xzsf02u xlh3980 xvmahel x1x9mg3 xo1l8bm\" dir=\"auto\">Vous pouvez offrir une lampe tib\u00e9taine (10 \u20ac) ou toute autre offrande pour cette journ\u00e9e sp\u00e9ciale.<\/span><\/p>\t\t\t\t\t\t\t\t<\/div>\n\t\t\t\t<\/div>\n\t\t\t\t<section class=\"elementor-section elementor-inner-section elementor-element elementor-element-c29d6db elementor-section-boxed elementor-section-height-default elementor-section-height-default\" data-id=\"c29d6db\" data-element_type=\"section\" data-e-type=\"section\">\n\t\t\t\t\t\t<div class=\"elementor-container elementor-column-gap-default\">\n\t\t\t\t\t<div class=\"elementor-column elementor-col-100 elementor-inner-column elementor-element elementor-element-39e0876\" data-id=\"39e0876\" data-element_type=\"column\" data-e-type=\"column\">\n\t\t\t<div class=\"elementor-widget-wrap elementor-element-populated\">\n\t\t\t\t\t\t<div class=\"elementor-element elementor-element-a0d5895 elementor-align-center elementor-tablet-align-center elementor-widget elementor-widget-button\" data-id=\"a0d5895\" data-element_type=\"widget\" data-e-type=\"widget\" data-widget_type=\"button.default\">\n\t\t\t\t<div class=\"elementor-widget-container\">\n\t\t\t\t\t\t\t\t\t<div class=\"elementor-button-wrapper\">\n\t\t\t\t\t<a class=\"elementor-button elementor-button-link elementor-size-sm\" href=\"#elementor-action%3Aaction%3Dpopup%3Aopen%26settings%3DeyJpZCI6IjEyMzQiLCJ0b2dnbGUiOmZhbHNlfQ%3D%3D\" target=\"_blank\">\n\t\t\t\t\t\t<span class=\"elementor-button-content-wrapper\">\n\t\t\t\t\t\t\t\t\t<span class=\"elementor-button-text\">Faire un don<\/span>\n\t\t\t\t\t<\/span>\n\t\t\t\t\t<\/a>\n\t\t\t\t<\/div>\n\t\t\t\t\t\t\t\t<\/div>\n\t\t\t\t<\/div>\n\t\t\t\t\t<\/div>\n\t\t<\/div>\n\t\t\t\t\t<\/div>\n\t\t<\/section>\n\t\t\t\t\t<\/div>\n\t\t<\/div>\n\t\t\t\t\t<\/div>\n\t\t<\/section>\n\t\t\t\t<\/div>","protected":false},"excerpt":{"rendered":"<p>Ch\u00f6khor D\u00fcchen 2025 Monday, 28 July 2025 Monday, 28 July 2025\u200b 9:00 &#8211; 11:30 Nalanda Monastery Celebrating Buddha&#8217;s turning of the wheel of Dharma On Monday 28 July morning, from 9.00 to 11.30, Nalanda Monastery will celebrate Ch\u00f6khor D\u00fcchen, the anniversary of Guru Shakyamuni Buddha\u2019s first teaching, with a great tsog offering to Hayagriva, which &hellip;<\/p>\n<p class=\"read-more\"> <a class=\"\" href=\"https:\/\/nalanda-monastery.eu\/fr\/chokor-duchen-2025\/\"> <span class=\"screen-reader-text\">Ch\u00f6kor D\u00fcchen 07\/25<\/span> Lire la suite\u00a0\u00bb<\/a><\/p>","protected":false},"author":125,"featured_media":0,"parent":0,"menu_order":0,"comment_status":"closed","ping_status":"closed","template":"","meta":{"_acf_changed":false,"give_campaign_id":0,"site-sidebar-layout":"no-sidebar","site-content-layout":"page-builder","ast-global-header-display":"","ast-main-header-display":"","ast-hfb-above-header-display":"","ast-hfb-below-header-display":"","ast-hfb-mobile-header-display":"","site-post-title":"disabled","ast-breadcrumbs-content":"","ast-featured-img":"disabled","footer-sml-layout":"","theme-transparent-header-meta":"","adv-header-id-meta":"","stick-header-meta":"","header-above-stick-meta":"","header-main-stick-meta":"","header-below-stick-meta":"","footnotes":""},"class_list":["post-16342","page","type-page","status-publish","hentry"],"acf":[],"yoast_head":"<!-- This site is optimized with the Yoast SEO plugin v27.4 - https:\/\/yoast.com\/product\/yoast-seo-wordpress\/ -->\n<title>Ch\u00f6kor D\u00fcchen 07\/25 &#8212; Nalanda Monastery<\/title>\n<meta name=\"description\" content=\"Celebrating Ch\u00f6kor D\u00fcchen\" \/>\n<meta name=\"robots\" content=\"index, follow, max-snippet:-1, max-image-preview:large, max-video-preview:-1\" \/>\n<link rel=\"canonical\" href=\"https:\/\/nalanda-monastery.eu\/fr\/chokor-duchen-2025\/\" \/>\n<meta property=\"og:locale\" content=\"fr_FR\" \/>\n<meta property=\"og:type\" content=\"article\" \/>\n<meta property=\"og:title\" content=\"Ch\u00f6kor D\u00fcchen 07\/25 &#8212; Nalanda Monastery\" \/>\n<meta property=\"og:description\" content=\"Celebrating Ch\u00f6kor D\u00fcchen\" \/>\n<meta property=\"og:url\" content=\"https:\/\/nalanda-monastery.eu\/fr\/chokor-duchen-2025\/\" \/>\n<meta property=\"og:site_name\" content=\"Nalanda Monastery\" \/>\n<meta property=\"article:publisher\" content=\"https:\/\/www.facebook.com\/Nalanda.Monastery\/\" \/>\n<meta property=\"article:modified_time\" content=\"2025-10-19T09:40:00+00:00\" \/>\n<meta property=\"og:image\" content=\"https:\/\/nalanda-monastery.eu\/wp-content\/uploads\/2025\/07\/518313605_1159866182848420_695244786514195407_n-e1752756639126.jpg\" \/>\n\t<meta property=\"og:image:width\" content=\"1282\" \/>\n\t<meta property=\"og:image:height\" content=\"1410\" \/>\n\t<meta property=\"og:image:type\" content=\"image\/jpeg\" \/>\n<meta name=\"twitter:card\" content=\"summary_large_image\" \/>\n<meta name=\"twitter:label1\" content=\"Dur\u00e9e de lecture estim\u00e9e\" \/>\n\t<meta name=\"twitter:data1\" content=\"1 minute\" \/>\n<script type=\"application\/ld+json\" class=\"yoast-schema-graph\">{\"@context\":\"https:\\\/\\\/schema.org\",\"@graph\":[{\"@type\":\"WebPage\",\"@id\":\"https:\\\/\\\/nalanda-monastery.eu\\\/chokor-duchen-2025\\\/\",\"url\":\"https:\\\/\\\/nalanda-monastery.eu\\\/chokor-duchen-2025\\\/\",\"name\":\"Ch\u00f6kor D\u00fcchen 07\\\/25 &#8212; Nalanda Monastery\",\"isPartOf\":{\"@id\":\"https:\\\/\\\/nalanda-monastery.eu\\\/#website\"},\"primaryImageOfPage\":{\"@id\":\"https:\\\/\\\/nalanda-monastery.eu\\\/chokor-duchen-2025\\\/#primaryimage\"},\"image\":{\"@id\":\"https:\\\/\\\/nalanda-monastery.eu\\\/chokor-duchen-2025\\\/#primaryimage\"},\"thumbnailUrl\":\"https:\\\/\\\/nalanda-monastery.eu\\\/wp-content\\\/uploads\\\/2025\\\/07\\\/518313605_1159866182848420_695244786514195407_n-e1752756639126-931x1024.jpg\",\"datePublished\":\"2025-07-17T12:37:55+00:00\",\"dateModified\":\"2025-10-19T09:40:00+00:00\",\"description\":\"Celebrating Ch\u00f6kor D\u00fcchen\",\"breadcrumb\":{\"@id\":\"https:\\\/\\\/nalanda-monastery.eu\\\/chokor-duchen-2025\\\/#breadcrumb\"},\"inLanguage\":\"fr-FR\",\"potentialAction\":[{\"@type\":\"ReadAction\",\"target\":[\"https:\\\/\\\/nalanda-monastery.eu\\\/chokor-duchen-2025\\\/\"]}]},{\"@type\":\"ImageObject\",\"inLanguage\":\"fr-FR\",\"@id\":\"https:\\\/\\\/nalanda-monastery.eu\\\/chokor-duchen-2025\\\/#primaryimage\",\"url\":\"https:\\\/\\\/nalanda-monastery.eu\\\/wp-content\\\/uploads\\\/2025\\\/07\\\/518313605_1159866182848420_695244786514195407_n-e1752756639126-931x1024.jpg\",\"contentUrl\":\"https:\\\/\\\/nalanda-monastery.eu\\\/wp-content\\\/uploads\\\/2025\\\/07\\\/518313605_1159866182848420_695244786514195407_n-e1752756639126-931x1024.jpg\"},{\"@type\":\"BreadcrumbList\",\"@id\":\"https:\\\/\\\/nalanda-monastery.eu\\\/chokor-duchen-2025\\\/#breadcrumb\",\"itemListElement\":[{\"@type\":\"ListItem\",\"position\":1,\"name\":\"Home\",\"item\":\"https:\\\/\\\/nalanda-monastery.eu\\\/\"},{\"@type\":\"ListItem\",\"position\":2,\"name\":\"Ch\u00f6kor D\u00fcchen 07\\\/25\"}]},{\"@type\":\"WebSite\",\"@id\":\"https:\\\/\\\/nalanda-monastery.eu\\\/#website\",\"url\":\"https:\\\/\\\/nalanda-monastery.eu\\\/\",\"name\":\"Nalanda Monastery\",\"description\":\"Tibetan buddhist monastery in the Gelugpa tradition; Dharma studies and practice\",\"publisher\":{\"@id\":\"https:\\\/\\\/nalanda-monastery.eu\\\/#organization\"},\"potentialAction\":[{\"@type\":\"SearchAction\",\"target\":{\"@type\":\"EntryPoint\",\"urlTemplate\":\"https:\\\/\\\/nalanda-monastery.eu\\\/?s={search_term_string}\"},\"query-input\":{\"@type\":\"PropertyValueSpecification\",\"valueRequired\":true,\"valueName\":\"search_term_string\"}}],\"inLanguage\":\"fr-FR\"},{\"@type\":\"Organization\",\"@id\":\"https:\\\/\\\/nalanda-monastery.eu\\\/#organization\",\"name\":\"Nalanda Monastery\",\"url\":\"https:\\\/\\\/nalanda-monastery.eu\\\/\",\"logo\":{\"@type\":\"ImageObject\",\"inLanguage\":\"fr-FR\",\"@id\":\"https:\\\/\\\/nalanda-monastery.eu\\\/#\\\/schema\\\/logo\\\/image\\\/\",\"url\":\"https:\\\/\\\/nalanda-monastery.eu\\\/wp-content\\\/uploads\\\/2020\\\/04\\\/Spiritual-Logo-nntransparent-72dpi-white-4-copy.png\",\"contentUrl\":\"https:\\\/\\\/nalanda-monastery.eu\\\/wp-content\\\/uploads\\\/2020\\\/04\\\/Spiritual-Logo-nntransparent-72dpi-white-4-copy.png\",\"width\":400,\"height\":438,\"caption\":\"Nalanda Monastery\"},\"image\":{\"@id\":\"https:\\\/\\\/nalanda-monastery.eu\\\/#\\\/schema\\\/logo\\\/image\\\/\"},\"sameAs\":[\"https:\\\/\\\/www.facebook.com\\\/Nalanda.Monastery\\\/\"]}]}<\/script>\n<!-- \/ Yoast SEO plugin. -->","yoast_head_json":{"title":"Ch\u00f6kor D\u00fcchen 07\/25 &#8212; Nalanda Monastery","description":"C\u00e9l\u00e9bration de Ch\u00f6kor D\u00fcchen","robots":{"index":"index","follow":"follow","max-snippet":"max-snippet:-1","max-image-preview":"max-image-preview:large","max-video-preview":"max-video-preview:-1"},"canonical":"https:\/\/nalanda-monastery.eu\/fr\/chokor-duchen-2025\/","og_locale":"fr_FR","og_type":"article","og_title":"Ch\u00f6kor D\u00fcchen 07\/25 &#8212; Nalanda Monastery","og_description":"Celebrating Ch\u00f6kor D\u00fcchen","og_url":"https:\/\/nalanda-monastery.eu\/fr\/chokor-duchen-2025\/","og_site_name":"Nalanda Monastery","article_publisher":"https:\/\/www.facebook.com\/Nalanda.Monastery\/","article_modified_time":"2025-10-19T09:40:00+00:00","og_image":[{"width":1282,"height":1410,"url":"https:\/\/nalanda-monastery.eu\/wp-content\/uploads\/2025\/07\/518313605_1159866182848420_695244786514195407_n-e1752756639126.jpg","type":"image\/jpeg"}],"twitter_card":"summary_large_image","twitter_misc":{"Dur\u00e9e de lecture estim\u00e9e":"1 minute"},"schema":{"@context":"https:\/\/schema.org","@graph":[{"@type":"WebPage","@id":"https:\/\/nalanda-monastery.eu\/chokor-duchen-2025\/","url":"https:\/\/nalanda-monastery.eu\/chokor-duchen-2025\/","name":"Ch\u00f6kor D\u00fcchen 07\/25 &#8212; Nalanda Monastery","isPartOf":{"@id":"https:\/\/nalanda-monastery.eu\/#website"},"primaryImageOfPage":{"@id":"https:\/\/nalanda-monastery.eu\/chokor-duchen-2025\/#primaryimage"},"image":{"@id":"https:\/\/nalanda-monastery.eu\/chokor-duchen-2025\/#primaryimage"},"thumbnailUrl":"https:\/\/nalanda-monastery.eu\/wp-content\/uploads\/2025\/07\/518313605_1159866182848420_695244786514195407_n-e1752756639126-931x1024.jpg","datePublished":"2025-07-17T12:37:55+00:00","dateModified":"2025-10-19T09:40:00+00:00","description":"C\u00e9l\u00e9bration de Ch\u00f6kor D\u00fcchen","breadcrumb":{"@id":"https:\/\/nalanda-monastery.eu\/chokor-duchen-2025\/#breadcrumb"},"inLanguage":"fr-FR","potentialAction":[{"@type":"ReadAction","target":["https:\/\/nalanda-monastery.eu\/chokor-duchen-2025\/"]}]},{"@type":"ImageObject","inLanguage":"fr-FR","@id":"https:\/\/nalanda-monastery.eu\/chokor-duchen-2025\/#primaryimage","url":"https:\/\/nalanda-monastery.eu\/wp-content\/uploads\/2025\/07\/518313605_1159866182848420_695244786514195407_n-e1752756639126-931x1024.jpg","contentUrl":"https:\/\/nalanda-monastery.eu\/wp-content\/uploads\/2025\/07\/518313605_1159866182848420_695244786514195407_n-e1752756639126-931x1024.jpg"},{"@type":"BreadcrumbList","@id":"https:\/\/nalanda-monastery.eu\/chokor-duchen-2025\/#breadcrumb","itemListElement":[{"@type":"ListItem","position":1,"name":"Home","item":"https:\/\/nalanda-monastery.eu\/"},{"@type":"ListItem","position":2,"name":"Ch\u00f6kor D\u00fcchen 07\/25"}]},{"@type":"WebSite","@id":"https:\/\/nalanda-monastery.eu\/#website","url":"https:\/\/nalanda-monastery.eu\/","name":"Le monast\u00e8re Nalanda","description":"Tibetan buddhist monastery in the Gelugpa tradition; Dharma studies and practice","publisher":{"@id":"https:\/\/nalanda-monastery.eu\/#organization"},"potentialAction":[{"@type":"SearchAction","target":{"@type":"EntryPoint","urlTemplate":"https:\/\/nalanda-monastery.eu\/?s={search_term_string}"},"query-input":{"@type":"PropertyValueSpecification","valueRequired":true,"valueName":"search_term_string"}}],"inLanguage":"fr-FR"},{"@type":"Organization","@id":"https:\/\/nalanda-monastery.eu\/#organization","name":"Le monast\u00e8re Nalanda","url":"https:\/\/nalanda-monastery.eu\/","logo":{"@type":"ImageObject","inLanguage":"fr-FR","@id":"https:\/\/nalanda-monastery.eu\/#\/schema\/logo\/image\/","url":"https:\/\/nalanda-monastery.eu\/wp-content\/uploads\/2020\/04\/Spiritual-Logo-nntransparent-72dpi-white-4-copy.png","contentUrl":"https:\/\/nalanda-monastery.eu\/wp-content\/uploads\/2020\/04\/Spiritual-Logo-nntransparent-72dpi-white-4-copy.png","width":400,"height":438,"caption":"Nalanda Monastery"},"image":{"@id":"https:\/\/nalanda-monastery.eu\/#\/schema\/logo\/image\/"},"sameAs":["https:\/\/www.facebook.com\/Nalanda.Monastery\/"]}]}},"campaignId":"","_links":{"self":[{"href":"https:\/\/nalanda-monastery.eu\/fr\/wp-json\/wp\/v2\/pages\/16342","targetHints":{"allow":["GET"]}}],"collection":[{"href":"https:\/\/nalanda-monastery.eu\/fr\/wp-json\/wp\/v2\/pages"}],"about":[{"href":"https:\/\/nalanda-monastery.eu\/fr\/wp-json\/wp\/v2\/types\/page"}],"author":[{"embeddable":true,"href":"https:\/\/nalanda-monastery.eu\/fr\/wp-json\/wp\/v2\/users\/125"}],"replies":[{"embeddable":true,"href":"https:\/\/nalanda-monastery.eu\/fr\/wp-json\/wp\/v2\/comments?post=16342"}],"version-history":[{"count":11,"href":"https:\/\/nalanda-monastery.eu\/fr\/wp-json\/wp\/v2\/pages\/16342\/revisions"}],"predecessor-version":[{"id":18232,"href":"https:\/\/nalanda-monastery.eu\/fr\/wp-json\/wp\/v2\/pages\/16342\/revisions\/18232"}],"wp:attachment":[{"href":"https:\/\/nalanda-monastery.eu\/fr\/wp-json\/wp\/v2\/media?parent=16342"}],"curies":[{"name":"wp","href":"https:\/\/api.w.org\/{rel}","templated":true}]}}