{"id":18375,"date":"2025-11-01T11:02:06","date_gmt":"2025-11-01T10:02:06","guid":{"rendered":"https:\/\/nalanda-monastery.eu\/?page_id=18375"},"modified":"2025-11-08T11:15:38","modified_gmt":"2025-11-08T10:15:38","slug":"yamantaka-retreat-2026","status":"publish","type":"page","link":"https:\/\/nalanda-monastery.eu\/fr\/yamantaka-retreat-2026\/","title":{"rendered":"Yamantaka retreat 2026"},"content":{"rendered":"<div data-elementor-type=\"wp-page\" data-elementor-id=\"18375\" class=\"elementor elementor-18375\" data-elementor-post-type=\"page\">\n\t\t\t\t\t\t<section class=\"elementor-section elementor-top-section elementor-element elementor-element-70d4eaf elementor-section-height-min-height elementor-section-items-bottom elementor-section-boxed elementor-section-height-default\" data-id=\"70d4eaf\" data-element_type=\"section\" data-e-type=\"section\" data-settings=\"{&quot;background_background&quot;:&quot;classic&quot;,&quot;shape_divider_bottom&quot;:&quot;wave-brush&quot;}\">\n\t\t\t\t\t\t\t<div class=\"elementor-background-overlay\"><\/div>\n\t\t\t\t\t\t<div class=\"elementor-shape elementor-shape-bottom\" aria-hidden=\"true\" data-negative=\"false\">\n\t\t\t<svg xmlns=\"http:\/\/www.w3.org\/2000\/svg\" viewbox=\"0 0 283.5 27.8\" preserveaspectratio=\"none\">\n\t<path class=\"elementor-shape-fill\" d=\"M283.5,9.7c0,0-7.3,4.3-14,4.6c-6.8,0.3-12.6,0-20.9-1.5c-11.3-2-33.1-10.1-44.7-5.7\ts-12.1,4.6-18,7.4c-6.6,3.2-20,9.6-36.6,9.3C131.6,23.5,99.5,7.2,86.3,8c-1.4,0.1-6.6,0.8-10.5,2c-3.8,1.2-9.4,3.8-17,4.7\tc-3.2,0.4-8.3,1.1-14.2,0.9c-1.5-0.1-6.3-0.4-12-1.6c-5.7-1.2-11-3.1-15.8-3.7C6.5,9.2,0,10.8,0,10.8V0h283.5V9.7z M260.8,11.3\tc-0.7-1-2-0.4-4.3-0.4c-2.3,0-6.1-1.2-5.8-1.1c0.3,0.1,3.1,1.5,6,1.9C259.7,12.2,261.4,12.3,260.8,11.3z M242.4,8.6\tc0,0-2.4-0.2-5.6-0.9c-3.2-0.8-10.3-2.8-15.1-3.5c-8.2-1.1-15.8,0-15.1,0.1c0.8,0.1,9.6-0.6,17.6,1.1c3.3,0.7,9.3,2.2,12.4,2.7\tC239.9,8.7,242.4,8.6,242.4,8.6z M185.2,8.5c1.7-0.7-13.3,4.7-18.5,6.1c-2.1,0.6-6.2,1.6-10,2c-3.9,0.4-8.9,0.4-8.8,0.5\tc0,0.2,5.8,0.8,11.2,0c5.4-0.8,5.2-1.1,7.6-1.6C170.5,14.7,183.5,9.2,185.2,8.5z M199.1,6.9c0.2,0-0.8-0.4-4.8,1.1\tc-4,1.5-6.7,3.5-6.9,3.7c-0.2,0.1,3.5-1.8,6.6-3C197,7.5,199,6.9,199.1,6.9z M283,6c-0.1,0.1-1.9,1.1-4.8,2.5s-6.9,2.8-6.7,2.7\tc0.2,0,3.5-0.6,7.4-2.5C282.8,6.8,283.1,5.9,283,6z M31.3,11.6c0.1-0.2-1.9-0.2-4.5-1.2s-5.4-1.6-7.8-2C15,7.6,7.3,8.5,7.7,8.6\tC8,8.7,15.9,8.3,20.2,9.3c2.2,0.5,2.4,0.5,5.7,1.6S31.2,11.9,31.3,11.6z M73,9.2c0.4-0.1,3.5-1.6,8.4-2.6c4.9-1.1,8.9-0.5,8.9-0.8\tc0-0.3-1-0.9-6.2-0.3S72.6,9.3,73,9.2z M71.6,6.7C71.8,6.8,75,5.4,77.3,5c2.3-0.3,1.9-0.5,1.9-0.6c0-0.1-1.1-0.2-2.7,0.2\tC74.8,5.1,71.4,6.6,71.6,6.7z M93.6,4.4c0.1,0.2,3.5,0.8,5.6,1.8c2.1,1,1.8,0.6,1.9,0.5c0.1-0.1-0.8-0.8-2.4-1.3\tC97.1,4.8,93.5,4.2,93.6,4.4z M65.4,11.1c-0.1,0.3,0.3,0.5,1.9-0.2s2.6-1.3,2.2-1.2s-0.9,0.4-2.5,0.8C65.3,10.9,65.5,10.8,65.4,11.1\tz M34.5,12.4c-0.2,0,2.1,0.8,3.3,0.9c1.2,0.1,2,0.1,2-0.2c0-0.3-0.1-0.5-1.6-0.4C36.6,12.8,34.7,12.4,34.5,12.4z M152.2,21.1\tc-0.1,0.1-2.4-0.3-7.5-0.3c-5,0-13.6-2.4-17.2-3.5c-3.6-1.1,10,3.9,16.5,4.1C150.5,21.6,152.3,21,152.2,21.1z\"\/>\n\t<path class=\"elementor-shape-fill\" d=\"M269.6,18c-0.1-0.1-4.6,0.3-7.2,0c-7.3-0.7-17-3.2-16.6-2.9c0.4,0.3,13.7,3.1,17,3.3\tC267.7,18.8,269.7,18,269.6,18z\"\/>\n\t<path class=\"elementor-shape-fill\" d=\"M227.4,9.8c-0.2-0.1-4.5-1-9.5-1.2c-5-0.2-12.7,0.6-12.3,0.5c0.3-0.1,5.9-1.8,13.3-1.2\tS227.6,9.9,227.4,9.8z\"\/>\n\t<path class=\"elementor-shape-fill\" d=\"M204.5,13.4c-0.1-0.1,2-1,3.2-1.1c1.2-0.1,2,0,2,0.3c0,0.3-0.1,0.5-1.6,0.4\tC206.4,12.9,204.6,13.5,204.5,13.4z\"\/>\n\t<path class=\"elementor-shape-fill\" d=\"M201,10.6c0-0.1-4.4,1.2-6.3,2.2c-1.9,0.9-6.2,3.1-6.1,3.1c0.1,0.1,4.2-1.6,6.3-2.6\tS201,10.7,201,10.6z\"\/>\n\t<path class=\"elementor-shape-fill\" d=\"M154.5,26.7c-0.1-0.1-4.6,0.3-7.2,0c-7.3-0.7-17-3.2-16.6-2.9c0.4,0.3,13.7,3.1,17,3.3\tC152.6,27.5,154.6,26.8,154.5,26.7z\"\/>\n\t<path class=\"elementor-shape-fill\" d=\"M41.9,19.3c0,0,1.2-0.3,2.9-0.1c1.7,0.2,5.8,0.9,8.2,0.7c4.2-0.4,7.4-2.7,7-2.6\tc-0.4,0-4.3,2.2-8.6,1.9c-1.8-0.1-5.1-0.5-6.7-0.4S41.9,19.3,41.9,19.3z\"\/>\n\t<path class=\"elementor-shape-fill\" d=\"M75.5,12.6c0.2,0.1,2-0.8,4.3-1.1c2.3-0.2,2.1-0.3,2.1-0.5c0-0.1-1.8-0.4-3.4,0\tC76.9,11.5,75.3,12.5,75.5,12.6z\"\/>\n\t<path class=\"elementor-shape-fill\" d=\"M15.6,13.2c0-0.1,4.3,0,6.7,0.5c2.4,0.5,5,1.9,5,2c0,0.1-2.7-0.8-5.1-1.4\tC19.9,13.7,15.7,13.3,15.6,13.2z\"\/>\n<\/svg>\t\t<\/div>\n\t\t\t\t\t<div class=\"elementor-container elementor-column-gap-default\">\n\t\t\t\t\t<div class=\"elementor-column elementor-col-100 elementor-top-column elementor-element elementor-element-e33af09\" data-id=\"e33af09\" data-element_type=\"column\" data-e-type=\"column\" data-settings=\"{&quot;background_background&quot;:&quot;classic&quot;}\">\n\t\t\t<div class=\"elementor-widget-wrap elementor-element-populated\">\n\t\t\t\t\t\t<div class=\"elementor-element elementor-element-0e370b1 elementor-widget elementor-widget-heading\" data-id=\"0e370b1\" data-element_type=\"widget\" data-e-type=\"widget\" data-widget_type=\"heading.default\">\n\t\t\t\t<div class=\"elementor-widget-container\">\n\t\t\t\t\t<h1 class=\"elementor-heading-title elementor-size-default\">Retraite de Yamantaka le H\u00e9ros Solitaire<\/h1>\t\t\t\t<\/div>\n\t\t\t\t<\/div>\n\t\t\t\t<div class=\"elementor-element elementor-element-cc6e060 elementor-widget elementor-widget-heading\" data-id=\"cc6e060\" data-element_type=\"widget\" data-e-type=\"widget\" data-widget_type=\"heading.default\">\n\t\t\t\t<div class=\"elementor-widget-container\">\n\t\t\t\t\t<h2 class=\"elementor-heading-title elementor-size-default\">Du 9 au 23 janvier 2026<\/h2>\t\t\t\t<\/div>\n\t\t\t\t<\/div>\n\t\t\t\t\t<\/div>\n\t\t<\/div>\n\t\t\t\t\t<\/div>\n\t\t<\/section>\n\t\t\t\t<section class=\"elementor-section elementor-top-section elementor-element elementor-element-be63f13 elementor-section-boxed elementor-section-height-default elementor-section-height-default\" data-id=\"be63f13\" data-element_type=\"section\" data-e-type=\"section\">\n\t\t\t\t\t\t<div class=\"elementor-container elementor-column-gap-default\">\n\t\t\t\t\t<div class=\"elementor-column elementor-col-100 elementor-top-column elementor-element elementor-element-1ddab22\" data-id=\"1ddab22\" data-element_type=\"column\" data-e-type=\"column\">\n\t\t\t<div class=\"elementor-widget-wrap elementor-element-populated\">\n\t\t\t\t\t\t<div class=\"elementor-element elementor-element-65b1051 elementor-widget elementor-widget-spacer\" data-id=\"65b1051\" data-element_type=\"widget\" data-e-type=\"widget\" data-widget_type=\"spacer.default\">\n\t\t\t\t<div class=\"elementor-widget-container\">\n\t\t\t\t\t\t\t<div class=\"elementor-spacer\">\n\t\t\t<div class=\"elementor-spacer-inner\"><\/div>\n\t\t<\/div>\n\t\t\t\t\t\t<\/div>\n\t\t\t\t<\/div>\n\t\t\t\t<div class=\"elementor-element elementor-element-6544794 elementor-blockquote--skin-border elementor-widget elementor-widget-blockquote\" data-id=\"6544794\" data-element_type=\"widget\" data-e-type=\"widget\" data-widget_type=\"blockquote.default\">\n\t\t\t\t<div class=\"elementor-widget-container\">\n\t\t\t\t\t\t\t<blockquote class=\"elementor-blockquote\">\n\t\t\t<p class=\"elementor-blockquote__content\">\n\t\t\t\t\"En ce qui concerne la destruction de l'ignorance, Manjoushri est supr\u00eame dans l'octroi de la sagesse. En ce qui concerne la destruction du seigneur de la mort, Vajrabhairava est merveilleux. Par cons\u00e9quent, ayant vu que cette voie qui pratique le Manjoushri apais\u00e9 et courrouc\u00e9 est la merveilleuse entr\u00e9e pour les disciples intelligents, je prends plaisir \u00e0 accomplir cette m\u00e9thode.\t\t\t<\/p>\n\t\t\t\t\t\t\t<div class=\"e-q-footer\">\n\t\t\t\t\t\t\t\t\t\t\t<cite class=\"elementor-blockquote__author\">Lama Tsongkhapa<\/cite>\n\t\t\t\t\t\t\t\t\t\t\t\t\t\t<\/div>\n\t\t\t\t\t<\/blockquote>\n\t\t\t\t\t\t<\/div>\n\t\t\t\t<\/div>\n\t\t\t\t<div class=\"elementor-element elementor-element-4bb3e7f elementor-widget elementor-widget-spacer\" data-id=\"4bb3e7f\" data-element_type=\"widget\" data-e-type=\"widget\" data-widget_type=\"spacer.default\">\n\t\t\t\t<div class=\"elementor-widget-container\">\n\t\t\t\t\t\t\t<div class=\"elementor-spacer\">\n\t\t\t<div class=\"elementor-spacer-inner\"><\/div>\n\t\t<\/div>\n\t\t\t\t\t\t<\/div>\n\t\t\t\t<\/div>\n\t\t\t\t<div class=\"elementor-element elementor-element-bd5b8ce elementor-widget elementor-widget-heading\" data-id=\"bd5b8ce\" data-element_type=\"widget\" data-e-type=\"widget\" data-widget_type=\"heading.default\">\n\t\t\t\t<div class=\"elementor-widget-container\">\n\t\t\t\t\t<h2 class=\"elementor-heading-title elementor-size-default\">\u00c0 propos de Yamantaka<\/h2>\t\t\t\t<\/div>\n\t\t\t\t<\/div>\n\t\t\t\t<div class=\"elementor-element elementor-element-adaf480 elementor-widget elementor-widget-text-editor\" data-id=\"adaf480\" data-element_type=\"widget\" data-e-type=\"widget\" data-widget_type=\"text-editor.default\">\n\t\t\t\t<div class=\"elementor-widget-container\">\n\t\t\t\t\t\t\t\t\t<p>Yam\u0101ntaka ou Vajrabhairava est consid\u00e9r\u00e9 comme la manifestation courrouc\u00e9e de Manjoushri, le Bouddha de la sagesse. Lama Tsongkhapa a adopt\u00e9 Yamantaka comme sa d\u00e9it\u00e9 de pratique personnelle. Vajrabhairava est la principale pratique de m\u00e9ditation de yidam gu\u00e9lougpa et, \u00e0 ce jour, elle est consid\u00e9r\u00e9e comme l'une des pratiques de yidam les plus importantes, tant pour les pratiquants monastiques que la\u00efcs.<\/p><p>La pratique du H\u00e9ros Solitaire Yam\u0101ntaka est une m\u00e9thode particuli\u00e8rement puissante qui utilise la manifestation courrouc\u00e9e de l'esprit d'\u00c9veil pour parvenir \u00e0 contr\u00f4ler les \u00eatres difficiles \u00e0 dompter. Elle permet de d\u00e9truire les hallucinations de l'ignorance qui saisit l'existence v\u00e9ritable ainsi que les afflictions qui nous emp\u00eachent de d\u00e9velopper la bodhicitta et d'atteindre l'\u00c9veil.<\/p>\t\t\t\t\t\t\t\t<\/div>\n\t\t\t\t<\/div>\n\t\t\t\t<div class=\"elementor-element elementor-element-4f00bb0 elementor-widget elementor-widget-heading\" data-id=\"4f00bb0\" data-element_type=\"widget\" data-e-type=\"widget\" data-widget_type=\"heading.default\">\n\t\t\t\t<div class=\"elementor-widget-container\">\n\t\t\t\t\t<h2 class=\"elementor-heading-title elementor-size-default\">Exigences pour la participation<\/h2>\t\t\t\t<\/div>\n\t\t\t\t<\/div>\n\t\t\t\t<div class=\"elementor-element elementor-element-6bbf36a elementor-widget elementor-widget-text-editor\" data-id=\"6bbf36a\" data-element_type=\"widget\" data-e-type=\"widget\" data-widget_type=\"text-editor.default\">\n\t\t\t\t<div class=\"elementor-widget-container\">\n\t\t\t\t\t\t\t\t\t<p>Pour participer \u00e0 la retraite, il est obligatoire d'avoir re\u00e7u l'initiation compl\u00e8te au Tantra Yoga Supr\u00eame de Yam\u0101ntaka.<\/p><p>Apr\u00e8s avoir r\u00e9cit\u00e9 le nombre appropri\u00e9 de mantras, on sera en mesure d'effectuer la puja du feu \u00e0 la fin de la retraite et ainsi de pratiquer plus tard l'auto-initiation.<\/p>\t\t\t\t\t\t\t\t<\/div>\n\t\t\t\t<\/div>\n\t\t\t\t<div class=\"elementor-element elementor-element-a5c2d9c elementor-widget elementor-widget-heading\" data-id=\"a5c2d9c\" data-element_type=\"widget\" data-e-type=\"widget\" data-widget_type=\"heading.default\">\n\t\t\t\t<div class=\"elementor-widget-container\">\n\t\t\t\t\t<h2 class=\"elementor-heading-title elementor-size-default\">A propos de l'enseignant - Gu\u00e9sh\u00e9 Lharampa Gyalts\u00e8n<\/h2>\t\t\t\t<\/div>\n\t\t\t\t<\/div>\n\t\t\t\t<div class=\"elementor-element elementor-element-1a0ca0d elementor-widget elementor-widget-text-editor\" data-id=\"1a0ca0d\" data-element_type=\"widget\" data-e-type=\"widget\" data-widget_type=\"text-editor.default\">\n\t\t\t\t<div class=\"elementor-widget-container\">\n\t\t\t\t\t\t\t\t\t<p><img decoding=\"async\" class=\"aligncenter\" src=\"https:\/\/nalanda-monastery.eu\/wp-content\/uploads\/2021\/03\/geshe-gyaltsen-scaled-e1616187267448-1-298x300.jpg\" \/><\/p><p class=\" translation-block\"><strong>Gu\u00e9sh\u00e9 Gyalts\u00e8n<\/strong> est n\u00e9 au Tibet en 1968, dans un village nomm\u00e9 Dzogang, situ\u00e9 dans la r\u00e9gion de Tsawa, dans la province de Kham. Il re\u00e7oit l'ordination de rabjong \u00e0 l'\u00e2ge de 16 ans au monast\u00e8re local <strong>Sang Ngak Ch\u00f6 Khor Ling<\/strong>. \u00c0 19 ans il se rend \u00e0 Lhassa et l'ordination gu\u00e9tsoul aupr\u00e8s de <strong>Gu\u00e9sh\u00e9 Gyalts\u00e8n Shakya du monast\u00e8re Sera Jey<\/strong>. Il revient ensuite au Kham, o\u00f9 il commence l'\u00e9tude de la philosophie au monast\u00e8re de Chamdo Jampa Ling.<\/p><p class=\" translation-block\">Souhaitant poursuivre ses \u00e9tudes et rencontrer <strong>Sa Saintet\u00e9 le Dala\u00ef-Lama<\/strong>, Gu\u00e9sh\u00e9 Gyalts\u00e8n s'enfuit du Tibet en traversant \u00e0 pied la cha\u00eene de montagnes de l'Himalaya et rejoint l'Inde en 1990 \u00e0 l'\u00e2ge de 22 ans. Il entre ensuite au monast\u00e8re de S\u00e9ra Jey et rejoint le coll\u00e8ge Tsawa.<\/p><p>En 2007, apr\u00e8s 17 ans d'\u00e9tudes intensives, il obtient le titre de Gu\u00e9sh\u00e9 Lharampa, le plus haut dipl\u00f4me universitaire du syst\u00e8me \u00e9ducatif monastique tib\u00e9tain traditionnel. Il se sp\u00e9cialise ensuite dans le tantra au monast\u00e8re de Gy\u00fcmed. Apr\u00e8s avoir enseign\u00e9 la philosophie pendant deux ans \u00e0 l'\u00e9cole Sera Jey, il devient directeur du coll\u00e8ge Tsawa.<\/p><p class=\" translation-block\">Apr\u00e8s une p\u00e9riode de retraite, Gu\u00e9sh\u00e9-la est invit\u00e9 par <strong>Lama Zopa Rinpoch\u00e9<\/strong> \u00e0 devenir enseignant r\u00e9sident au Monast\u00e8re Nalanda du <strong>Programme d'\u00c9tudes Bouddhiques Approfondi (P\u00c9BA)<\/strong>, qu'il y enseigne depuis 2014. Gu\u00e9sh\u00e9-la est admir\u00e9 par ses \u00e9tudiants pour son \u00e9rudition et ses explications claires ainsi que pour son attitude ouverte et motivante.<\/p><p>Depuis le commentaire que Gu\u00e9sh\u00e9-la a donn\u00e9 sur la pratique du H\u00e9ros Solitaire Yamantaka en janvier 2024, il accepte r\u00e9guli\u00e8rement de mener cette retraite.<\/p>\t\t\t\t\t\t\t\t<\/div>\n\t\t\t\t<\/div>\n\t\t\t\t<div class=\"elementor-element elementor-element-5ce99dc elementor-widget elementor-widget-heading\" data-id=\"5ce99dc\" data-element_type=\"widget\" data-e-type=\"widget\" data-widget_type=\"heading.default\">\n\t\t\t\t<div class=\"elementor-widget-container\">\n\t\t\t\t\t<h2 class=\"elementor-heading-title elementor-size-default\">Les inscriptions pour la retraite sont maintenant ouvertes!<\/h2>\t\t\t\t<\/div>\n\t\t\t\t<\/div>\n\t\t\t\t<div class=\"elementor-element elementor-element-463a856 elementor-widget elementor-widget-text-editor\" data-id=\"463a856\" data-element_type=\"widget\" data-e-type=\"widget\" data-widget_type=\"text-editor.default\">\n\t\t\t\t<div class=\"elementor-widget-container\">\n\t\t\t\t\t\t\t\t\t<p><strong>Veuillez noter s'il vous pla\u00eet que les inscriptions seront cl\u00f4tur\u00e9es une semaine avant le d\u00e9but de la retraite soit le 2 janvier 2026.<\/strong>.\u00a0<\/p><p class=\" translation-block\">Les pr\u00e9paratifs pour la retraite d\u00e9buteront le premier jour, le <strong>9 janvier \u00e0 17h00<\/strong>, dans la gompa Lama Yeshe, et <strong>la premi\u00e8re session commencera \u00e0 19h00<\/strong>.<\/p>\t\t\t\t\t\t\t\t<\/div>\n\t\t\t\t<\/div>\n\t\t\t\t<div class=\"elementor-element elementor-element-affd49d elementor-align-center elementor-widget elementor-widget-button\" data-id=\"affd49d\" data-element_type=\"widget\" data-e-type=\"widget\" data-widget_type=\"button.default\">\n\t\t\t\t<div class=\"elementor-widget-container\">\n\t\t\t\t\t\t\t\t\t<div class=\"elementor-button-wrapper\">\n\t\t\t\t\t<a class=\"elementor-button elementor-button-link elementor-size-sm\" href=\"https:\/\/booking.seminardesk.de\/fr\/nalanda-monastery\/9ee44c88eab749c49fadb2769113d458\/retraite-de-yamantaka\">\n\t\t\t\t\t\t<span class=\"elementor-button-content-wrapper\">\n\t\t\t\t\t\t\t\t\t<span class=\"elementor-button-text\">Lien d'inscription<\/span>\n\t\t\t\t\t<\/span>\n\t\t\t\t\t<\/a>\n\t\t\t\t<\/div>\n\t\t\t\t\t\t\t\t<\/div>\n\t\t\t\t<\/div>\n\t\t\t\t\t<\/div>\n\t\t<\/div>\n\t\t\t\t\t<\/div>\n\t\t<\/section>\n\t\t\t\t<\/div>","protected":false},"excerpt":{"rendered":"<p>Solitary Hero Yamantaka retreat 9 January to 23 January 2026 \u201cWith regard to destroying ignorance, Ma\u00f1ju\u015br\u012b is supreme in bestowing wisdom. With regard to destroying the lord of death, Vajrabhairava is marvellous. Therefore, having seen that this path that practices the peaceful and wrathful Ma\u00f1ju\u015br\u012b is the wonderful entrance for intelligent trainees, I take delight &hellip;<\/p>\n<p class=\"read-more\"> <a class=\"\" href=\"https:\/\/nalanda-monastery.eu\/fr\/yamantaka-retreat-2026\/\"> <span class=\"screen-reader-text\">Yamantaka retreat 2026<\/span> Lire la suite\u00a0\u00bb<\/a><\/p>","protected":false},"author":125,"featured_media":0,"parent":0,"menu_order":0,"comment_status":"closed","ping_status":"closed","template":"","meta":{"_acf_changed":false,"give_campaign_id":0,"site-sidebar-layout":"no-sidebar","site-content-layout":"page-builder","ast-global-header-display":"","ast-main-header-display":"","ast-hfb-above-header-display":"","ast-hfb-below-header-display":"","ast-hfb-mobile-header-display":"","site-post-title":"disabled","ast-breadcrumbs-content":"","ast-featured-img":"disabled","footer-sml-layout":"","theme-transparent-header-meta":"","adv-header-id-meta":"","stick-header-meta":"","header-above-stick-meta":"","header-main-stick-meta":"","header-below-stick-meta":"","footnotes":""},"class_list":["post-18375","page","type-page","status-publish","hentry"],"acf":[],"yoast_head":"<!-- This site is optimized with the Yoast SEO plugin v27.4 - https:\/\/yoast.com\/product\/yoast-seo-wordpress\/ -->\n<title>Yamantaka retreat 2026 &#8212; Nalanda Monastery<\/title>\n<meta name=\"description\" content=\"Solitary Hero Yamantaka retreat 2026\" \/>\n<meta name=\"robots\" content=\"index, follow, max-snippet:-1, max-image-preview:large, max-video-preview:-1\" \/>\n<link rel=\"canonical\" href=\"https:\/\/nalanda-monastery.eu\/fr\/yamantaka-retreat-2026\/\" \/>\n<meta property=\"og:locale\" content=\"fr_FR\" \/>\n<meta property=\"og:type\" content=\"article\" \/>\n<meta property=\"og:title\" content=\"Yamantaka retreat 2026 &#8212; Nalanda Monastery\" \/>\n<meta property=\"og:description\" content=\"Solitary Hero Yamantaka retreat 2026\" \/>\n<meta property=\"og:url\" content=\"https:\/\/nalanda-monastery.eu\/fr\/yamantaka-retreat-2026\/\" \/>\n<meta property=\"og:site_name\" content=\"Nalanda Monastery\" \/>\n<meta property=\"article:publisher\" content=\"https:\/\/www.facebook.com\/Nalanda.Monastery\/\" \/>\n<meta property=\"article:modified_time\" content=\"2025-11-08T10:15:38+00:00\" \/>\n<meta property=\"og:image\" content=\"https:\/\/nalanda-monastery.eu\/wp-content\/uploads\/2021\/03\/geshe-gyaltsen-scaled-e1616187267448-1-298x300.jpg\" \/>\n<meta name=\"twitter:card\" content=\"summary_large_image\" \/>\n<meta name=\"twitter:label1\" content=\"Dur\u00e9e de lecture estim\u00e9e\" \/>\n\t<meta name=\"twitter:data1\" content=\"3 minutes\" \/>\n<script type=\"application\/ld+json\" class=\"yoast-schema-graph\">{\"@context\":\"https:\\\/\\\/schema.org\",\"@graph\":[{\"@type\":\"WebPage\",\"@id\":\"https:\\\/\\\/nalanda-monastery.eu\\\/yamantaka-retreat-2026\\\/\",\"url\":\"https:\\\/\\\/nalanda-monastery.eu\\\/yamantaka-retreat-2026\\\/\",\"name\":\"Yamantaka retreat 2026 &#8212; Nalanda Monastery\",\"isPartOf\":{\"@id\":\"https:\\\/\\\/nalanda-monastery.eu\\\/#website\"},\"primaryImageOfPage\":{\"@id\":\"https:\\\/\\\/nalanda-monastery.eu\\\/yamantaka-retreat-2026\\\/#primaryimage\"},\"image\":{\"@id\":\"https:\\\/\\\/nalanda-monastery.eu\\\/yamantaka-retreat-2026\\\/#primaryimage\"},\"thumbnailUrl\":\"https:\\\/\\\/nalanda-monastery.eu\\\/wp-content\\\/uploads\\\/2021\\\/03\\\/geshe-gyaltsen-scaled-e1616187267448-1-298x300.jpg\",\"datePublished\":\"2025-11-01T10:02:06+00:00\",\"dateModified\":\"2025-11-08T10:15:38+00:00\",\"description\":\"Solitary Hero Yamantaka retreat 2026\",\"breadcrumb\":{\"@id\":\"https:\\\/\\\/nalanda-monastery.eu\\\/yamantaka-retreat-2026\\\/#breadcrumb\"},\"inLanguage\":\"fr-FR\",\"potentialAction\":[{\"@type\":\"ReadAction\",\"target\":[\"https:\\\/\\\/nalanda-monastery.eu\\\/yamantaka-retreat-2026\\\/\"]}]},{\"@type\":\"ImageObject\",\"inLanguage\":\"fr-FR\",\"@id\":\"https:\\\/\\\/nalanda-monastery.eu\\\/yamantaka-retreat-2026\\\/#primaryimage\",\"url\":\"https:\\\/\\\/nalanda-monastery.eu\\\/wp-content\\\/uploads\\\/2021\\\/03\\\/geshe-gyaltsen-scaled-e1616187267448-1-298x300.jpg\",\"contentUrl\":\"https:\\\/\\\/nalanda-monastery.eu\\\/wp-content\\\/uploads\\\/2021\\\/03\\\/geshe-gyaltsen-scaled-e1616187267448-1-298x300.jpg\"},{\"@type\":\"BreadcrumbList\",\"@id\":\"https:\\\/\\\/nalanda-monastery.eu\\\/yamantaka-retreat-2026\\\/#breadcrumb\",\"itemListElement\":[{\"@type\":\"ListItem\",\"position\":1,\"name\":\"Home\",\"item\":\"https:\\\/\\\/nalanda-monastery.eu\\\/\"},{\"@type\":\"ListItem\",\"position\":2,\"name\":\"Yamantaka retreat 2026\"}]},{\"@type\":\"WebSite\",\"@id\":\"https:\\\/\\\/nalanda-monastery.eu\\\/#website\",\"url\":\"https:\\\/\\\/nalanda-monastery.eu\\\/\",\"name\":\"Nalanda Monastery\",\"description\":\"Tibetan buddhist monastery in the Gelugpa tradition; Dharma studies and practice\",\"publisher\":{\"@id\":\"https:\\\/\\\/nalanda-monastery.eu\\\/#organization\"},\"potentialAction\":[{\"@type\":\"SearchAction\",\"target\":{\"@type\":\"EntryPoint\",\"urlTemplate\":\"https:\\\/\\\/nalanda-monastery.eu\\\/?s={search_term_string}\"},\"query-input\":{\"@type\":\"PropertyValueSpecification\",\"valueRequired\":true,\"valueName\":\"search_term_string\"}}],\"inLanguage\":\"fr-FR\"},{\"@type\":\"Organization\",\"@id\":\"https:\\\/\\\/nalanda-monastery.eu\\\/#organization\",\"name\":\"Nalanda Monastery\",\"url\":\"https:\\\/\\\/nalanda-monastery.eu\\\/\",\"logo\":{\"@type\":\"ImageObject\",\"inLanguage\":\"fr-FR\",\"@id\":\"https:\\\/\\\/nalanda-monastery.eu\\\/#\\\/schema\\\/logo\\\/image\\\/\",\"url\":\"https:\\\/\\\/nalanda-monastery.eu\\\/wp-content\\\/uploads\\\/2020\\\/04\\\/Spiritual-Logo-nntransparent-72dpi-white-4-copy.png\",\"contentUrl\":\"https:\\\/\\\/nalanda-monastery.eu\\\/wp-content\\\/uploads\\\/2020\\\/04\\\/Spiritual-Logo-nntransparent-72dpi-white-4-copy.png\",\"width\":400,\"height\":438,\"caption\":\"Nalanda Monastery\"},\"image\":{\"@id\":\"https:\\\/\\\/nalanda-monastery.eu\\\/#\\\/schema\\\/logo\\\/image\\\/\"},\"sameAs\":[\"https:\\\/\\\/www.facebook.com\\\/Nalanda.Monastery\\\/\"]}]}<\/script>\n<!-- \/ Yoast SEO plugin. -->","yoast_head_json":{"title":"Yamantaka retreat 2026 &#8212; Nalanda Monastery","description":"Solitary Hero Yamantaka retreat 2026","robots":{"index":"index","follow":"follow","max-snippet":"max-snippet:-1","max-image-preview":"max-image-preview:large","max-video-preview":"max-video-preview:-1"},"canonical":"https:\/\/nalanda-monastery.eu\/fr\/yamantaka-retreat-2026\/","og_locale":"fr_FR","og_type":"article","og_title":"Yamantaka retreat 2026 &#8212; Nalanda Monastery","og_description":"Solitary Hero Yamantaka retreat 2026","og_url":"https:\/\/nalanda-monastery.eu\/fr\/yamantaka-retreat-2026\/","og_site_name":"Nalanda Monastery","article_publisher":"https:\/\/www.facebook.com\/Nalanda.Monastery\/","article_modified_time":"2025-11-08T10:15:38+00:00","og_image":[{"url":"https:\/\/nalanda-monastery.eu\/wp-content\/uploads\/2021\/03\/geshe-gyaltsen-scaled-e1616187267448-1-298x300.jpg","type":"","width":"","height":""}],"twitter_card":"summary_large_image","twitter_misc":{"Dur\u00e9e de lecture estim\u00e9e":"3 minutes"},"schema":{"@context":"https:\/\/schema.org","@graph":[{"@type":"WebPage","@id":"https:\/\/nalanda-monastery.eu\/yamantaka-retreat-2026\/","url":"https:\/\/nalanda-monastery.eu\/yamantaka-retreat-2026\/","name":"Yamantaka retreat 2026 &#8212; Nalanda Monastery","isPartOf":{"@id":"https:\/\/nalanda-monastery.eu\/#website"},"primaryImageOfPage":{"@id":"https:\/\/nalanda-monastery.eu\/yamantaka-retreat-2026\/#primaryimage"},"image":{"@id":"https:\/\/nalanda-monastery.eu\/yamantaka-retreat-2026\/#primaryimage"},"thumbnailUrl":"https:\/\/nalanda-monastery.eu\/wp-content\/uploads\/2021\/03\/geshe-gyaltsen-scaled-e1616187267448-1-298x300.jpg","datePublished":"2025-11-01T10:02:06+00:00","dateModified":"2025-11-08T10:15:38+00:00","description":"Solitary Hero Yamantaka retreat 2026","breadcrumb":{"@id":"https:\/\/nalanda-monastery.eu\/yamantaka-retreat-2026\/#breadcrumb"},"inLanguage":"fr-FR","potentialAction":[{"@type":"ReadAction","target":["https:\/\/nalanda-monastery.eu\/yamantaka-retreat-2026\/"]}]},{"@type":"ImageObject","inLanguage":"fr-FR","@id":"https:\/\/nalanda-monastery.eu\/yamantaka-retreat-2026\/#primaryimage","url":"https:\/\/nalanda-monastery.eu\/wp-content\/uploads\/2021\/03\/geshe-gyaltsen-scaled-e1616187267448-1-298x300.jpg","contentUrl":"https:\/\/nalanda-monastery.eu\/wp-content\/uploads\/2021\/03\/geshe-gyaltsen-scaled-e1616187267448-1-298x300.jpg"},{"@type":"BreadcrumbList","@id":"https:\/\/nalanda-monastery.eu\/yamantaka-retreat-2026\/#breadcrumb","itemListElement":[{"@type":"ListItem","position":1,"name":"Home","item":"https:\/\/nalanda-monastery.eu\/"},{"@type":"ListItem","position":2,"name":"Yamantaka retreat 2026"}]},{"@type":"WebSite","@id":"https:\/\/nalanda-monastery.eu\/#website","url":"https:\/\/nalanda-monastery.eu\/","name":"Le monast\u00e8re Nalanda","description":"Tibetan buddhist monastery in the Gelugpa tradition; Dharma studies and practice","publisher":{"@id":"https:\/\/nalanda-monastery.eu\/#organization"},"potentialAction":[{"@type":"SearchAction","target":{"@type":"EntryPoint","urlTemplate":"https:\/\/nalanda-monastery.eu\/?s={search_term_string}"},"query-input":{"@type":"PropertyValueSpecification","valueRequired":true,"valueName":"search_term_string"}}],"inLanguage":"fr-FR"},{"@type":"Organization","@id":"https:\/\/nalanda-monastery.eu\/#organization","name":"Le monast\u00e8re Nalanda","url":"https:\/\/nalanda-monastery.eu\/","logo":{"@type":"ImageObject","inLanguage":"fr-FR","@id":"https:\/\/nalanda-monastery.eu\/#\/schema\/logo\/image\/","url":"https:\/\/nalanda-monastery.eu\/wp-content\/uploads\/2020\/04\/Spiritual-Logo-nntransparent-72dpi-white-4-copy.png","contentUrl":"https:\/\/nalanda-monastery.eu\/wp-content\/uploads\/2020\/04\/Spiritual-Logo-nntransparent-72dpi-white-4-copy.png","width":400,"height":438,"caption":"Nalanda Monastery"},"image":{"@id":"https:\/\/nalanda-monastery.eu\/#\/schema\/logo\/image\/"},"sameAs":["https:\/\/www.facebook.com\/Nalanda.Monastery\/"]}]}},"campaignId":"","_links":{"self":[{"href":"https:\/\/nalanda-monastery.eu\/fr\/wp-json\/wp\/v2\/pages\/18375","targetHints":{"allow":["GET"]}}],"collection":[{"href":"https:\/\/nalanda-monastery.eu\/fr\/wp-json\/wp\/v2\/pages"}],"about":[{"href":"https:\/\/nalanda-monastery.eu\/fr\/wp-json\/wp\/v2\/types\/page"}],"author":[{"embeddable":true,"href":"https:\/\/nalanda-monastery.eu\/fr\/wp-json\/wp\/v2\/users\/125"}],"replies":[{"embeddable":true,"href":"https:\/\/nalanda-monastery.eu\/fr\/wp-json\/wp\/v2\/comments?post=18375"}],"version-history":[{"count":28,"href":"https:\/\/nalanda-monastery.eu\/fr\/wp-json\/wp\/v2\/pages\/18375\/revisions"}],"predecessor-version":[{"id":18459,"href":"https:\/\/nalanda-monastery.eu\/fr\/wp-json\/wp\/v2\/pages\/18375\/revisions\/18459"}],"wp:attachment":[{"href":"https:\/\/nalanda-monastery.eu\/fr\/wp-json\/wp\/v2\/media?parent=18375"}],"curies":[{"name":"wp","href":"https:\/\/api.w.org\/{rel}","templated":true}]}}