{"id":19168,"date":"2026-02-10T11:32:45","date_gmt":"2026-02-10T10:32:45","guid":{"rendered":"https:\/\/nalanda-monastery.eu\/?page_id=19168"},"modified":"2026-03-07T12:33:34","modified_gmt":"2026-03-07T11:33:34","slug":"sharpa_choje_rinpoche","status":"publish","type":"page","link":"https:\/\/nalanda-monastery.eu\/fr\/sharpa_choje_rinpoche\/","title":{"rendered":"Sharpa Choje Rinpoche"},"content":{"rendered":"<div data-elementor-type=\"wp-page\" data-elementor-id=\"19168\" class=\"elementor elementor-19168\" data-elementor-post-type=\"page\">\n\t\t\t\t\t\t<section class=\"elementor-section elementor-top-section elementor-element elementor-element-7ae53fc elementor-section-height-min-height elementor-section-items-bottom elementor-section-boxed elementor-section-height-default\" data-id=\"7ae53fc\" data-element_type=\"section\" data-e-type=\"section\" data-settings=\"{&quot;background_background&quot;:&quot;classic&quot;,&quot;shape_divider_bottom&quot;:&quot;wave-brush&quot;}\">\n\t\t\t\t\t\t\t<div class=\"elementor-background-overlay\"><\/div>\n\t\t\t\t\t\t<div class=\"elementor-shape elementor-shape-bottom\" aria-hidden=\"true\" data-negative=\"false\">\n\t\t\t<svg xmlns=\"http:\/\/www.w3.org\/2000\/svg\" viewbox=\"0 0 283.5 27.8\" preserveaspectratio=\"none\">\n\t<path class=\"elementor-shape-fill\" d=\"M283.5,9.7c0,0-7.3,4.3-14,4.6c-6.8,0.3-12.6,0-20.9-1.5c-11.3-2-33.1-10.1-44.7-5.7\ts-12.1,4.6-18,7.4c-6.6,3.2-20,9.6-36.6,9.3C131.6,23.5,99.5,7.2,86.3,8c-1.4,0.1-6.6,0.8-10.5,2c-3.8,1.2-9.4,3.8-17,4.7\tc-3.2,0.4-8.3,1.1-14.2,0.9c-1.5-0.1-6.3-0.4-12-1.6c-5.7-1.2-11-3.1-15.8-3.7C6.5,9.2,0,10.8,0,10.8V0h283.5V9.7z M260.8,11.3\tc-0.7-1-2-0.4-4.3-0.4c-2.3,0-6.1-1.2-5.8-1.1c0.3,0.1,3.1,1.5,6,1.9C259.7,12.2,261.4,12.3,260.8,11.3z M242.4,8.6\tc0,0-2.4-0.2-5.6-0.9c-3.2-0.8-10.3-2.8-15.1-3.5c-8.2-1.1-15.8,0-15.1,0.1c0.8,0.1,9.6-0.6,17.6,1.1c3.3,0.7,9.3,2.2,12.4,2.7\tC239.9,8.7,242.4,8.6,242.4,8.6z M185.2,8.5c1.7-0.7-13.3,4.7-18.5,6.1c-2.1,0.6-6.2,1.6-10,2c-3.9,0.4-8.9,0.4-8.8,0.5\tc0,0.2,5.8,0.8,11.2,0c5.4-0.8,5.2-1.1,7.6-1.6C170.5,14.7,183.5,9.2,185.2,8.5z M199.1,6.9c0.2,0-0.8-0.4-4.8,1.1\tc-4,1.5-6.7,3.5-6.9,3.7c-0.2,0.1,3.5-1.8,6.6-3C197,7.5,199,6.9,199.1,6.9z M283,6c-0.1,0.1-1.9,1.1-4.8,2.5s-6.9,2.8-6.7,2.7\tc0.2,0,3.5-0.6,7.4-2.5C282.8,6.8,283.1,5.9,283,6z M31.3,11.6c0.1-0.2-1.9-0.2-4.5-1.2s-5.4-1.6-7.8-2C15,7.6,7.3,8.5,7.7,8.6\tC8,8.7,15.9,8.3,20.2,9.3c2.2,0.5,2.4,0.5,5.7,1.6S31.2,11.9,31.3,11.6z M73,9.2c0.4-0.1,3.5-1.6,8.4-2.6c4.9-1.1,8.9-0.5,8.9-0.8\tc0-0.3-1-0.9-6.2-0.3S72.6,9.3,73,9.2z M71.6,6.7C71.8,6.8,75,5.4,77.3,5c2.3-0.3,1.9-0.5,1.9-0.6c0-0.1-1.1-0.2-2.7,0.2\tC74.8,5.1,71.4,6.6,71.6,6.7z M93.6,4.4c0.1,0.2,3.5,0.8,5.6,1.8c2.1,1,1.8,0.6,1.9,0.5c0.1-0.1-0.8-0.8-2.4-1.3\tC97.1,4.8,93.5,4.2,93.6,4.4z M65.4,11.1c-0.1,0.3,0.3,0.5,1.9-0.2s2.6-1.3,2.2-1.2s-0.9,0.4-2.5,0.8C65.3,10.9,65.5,10.8,65.4,11.1\tz M34.5,12.4c-0.2,0,2.1,0.8,3.3,0.9c1.2,0.1,2,0.1,2-0.2c0-0.3-0.1-0.5-1.6-0.4C36.6,12.8,34.7,12.4,34.5,12.4z M152.2,21.1\tc-0.1,0.1-2.4-0.3-7.5-0.3c-5,0-13.6-2.4-17.2-3.5c-3.6-1.1,10,3.9,16.5,4.1C150.5,21.6,152.3,21,152.2,21.1z\"\/>\n\t<path class=\"elementor-shape-fill\" d=\"M269.6,18c-0.1-0.1-4.6,0.3-7.2,0c-7.3-0.7-17-3.2-16.6-2.9c0.4,0.3,13.7,3.1,17,3.3\tC267.7,18.8,269.7,18,269.6,18z\"\/>\n\t<path class=\"elementor-shape-fill\" d=\"M227.4,9.8c-0.2-0.1-4.5-1-9.5-1.2c-5-0.2-12.7,0.6-12.3,0.5c0.3-0.1,5.9-1.8,13.3-1.2\tS227.6,9.9,227.4,9.8z\"\/>\n\t<path class=\"elementor-shape-fill\" d=\"M204.5,13.4c-0.1-0.1,2-1,3.2-1.1c1.2-0.1,2,0,2,0.3c0,0.3-0.1,0.5-1.6,0.4\tC206.4,12.9,204.6,13.5,204.5,13.4z\"\/>\n\t<path class=\"elementor-shape-fill\" d=\"M201,10.6c0-0.1-4.4,1.2-6.3,2.2c-1.9,0.9-6.2,3.1-6.1,3.1c0.1,0.1,4.2-1.6,6.3-2.6\tS201,10.7,201,10.6z\"\/>\n\t<path class=\"elementor-shape-fill\" d=\"M154.5,26.7c-0.1-0.1-4.6,0.3-7.2,0c-7.3-0.7-17-3.2-16.6-2.9c0.4,0.3,13.7,3.1,17,3.3\tC152.6,27.5,154.6,26.8,154.5,26.7z\"\/>\n\t<path class=\"elementor-shape-fill\" d=\"M41.9,19.3c0,0,1.2-0.3,2.9-0.1c1.7,0.2,5.8,0.9,8.2,0.7c4.2-0.4,7.4-2.7,7-2.6\tc-0.4,0-4.3,2.2-8.6,1.9c-1.8-0.1-5.1-0.5-6.7-0.4S41.9,19.3,41.9,19.3z\"\/>\n\t<path class=\"elementor-shape-fill\" d=\"M75.5,12.6c0.2,0.1,2-0.8,4.3-1.1c2.3-0.2,2.1-0.3,2.1-0.5c0-0.1-1.8-0.4-3.4,0\tC76.9,11.5,75.3,12.5,75.5,12.6z\"\/>\n\t<path class=\"elementor-shape-fill\" d=\"M15.6,13.2c0-0.1,4.3,0,6.7,0.5c2.4,0.5,5,1.9,5,2c0,0.1-2.7-0.8-5.1-1.4\tC19.9,13.7,15.7,13.3,15.6,13.2z\"\/>\n<\/svg>\t\t<\/div>\n\t\t\t\t\t<div class=\"elementor-container elementor-column-gap-default\">\n\t\t\t\t\t<div class=\"elementor-column elementor-col-100 elementor-top-column elementor-element elementor-element-90ef036\" data-id=\"90ef036\" data-element_type=\"column\" data-e-type=\"column\" data-settings=\"{&quot;background_background&quot;:&quot;classic&quot;}\">\n\t\t\t<div class=\"elementor-widget-wrap elementor-element-populated\">\n\t\t\t\t\t\t<div class=\"elementor-element elementor-element-e1b53a1 elementor-invisible elementor-widget elementor-widget-heading\" data-id=\"e1b53a1\" data-element_type=\"widget\" data-e-type=\"widget\" data-settings=\"{&quot;_animation&quot;:&quot;fadeIn&quot;}\" data-widget_type=\"heading.default\">\n\t\t\t\t<div class=\"elementor-widget-container\">\n\t\t\t\t\t<h2 class=\"elementor-heading-title elementor-size-xxl\">Son Eminence Sharpa Choej\u00e9 Ngawang Jord\u00e8n Rinpoch\u00e9<\/h2>\t\t\t\t<\/div>\n\t\t\t\t<\/div>\n\t\t\t\t\t<\/div>\n\t\t<\/div>\n\t\t\t\t\t<\/div>\n\t\t<\/section>\n\t\t\t\t<section class=\"elementor-section elementor-top-section elementor-element elementor-element-2bea831 elementor-section-boxed elementor-section-height-default elementor-section-height-default\" data-id=\"2bea831\" data-element_type=\"section\" data-e-type=\"section\">\n\t\t\t\t\t\t<div class=\"elementor-container elementor-column-gap-default\">\n\t\t\t\t\t<div class=\"elementor-column elementor-col-100 elementor-top-column elementor-element elementor-element-c7264b9\" data-id=\"c7264b9\" data-element_type=\"column\" data-e-type=\"column\">\n\t\t\t<div class=\"elementor-widget-wrap elementor-element-populated\">\n\t\t\t\t\t\t<div class=\"elementor-element elementor-element-8d269ea elementor-widget elementor-widget-text-editor\" data-id=\"8d269ea\" data-element_type=\"widget\" data-e-type=\"widget\" data-widget_type=\"text-editor.default\">\n\t\t\t\t<div class=\"elementor-widget-container\">\n\t\t\t\t\t\t\t\t\t<p>Le Gand\u00e8n Tripa, chef de l'ordre Gu\u00e9loug, n'appartient pas \u00e0 une lign\u00e9e de r\u00e9incarnations, mais est nomm\u00e9 tous les sept ans, alternativement parmi l'un des deux <i>Choej\u00e9s<\/i> ou \"Ma\u00eetres du Dharma\". Le pr\u00e9c\u00e9dent abb\u00e9 du <strong>monast\u00e8re de Gyum\u00e9 <\/strong>devient le <strong>Jangts\u00e9 Choej\u00e9<\/strong> tandis que le pr\u00e9c\u00e9dent abb\u00e9 du <strong>monast\u00e8re de Gyut\u00f6 <\/strong>devient le <strong>Sharpa Choej\u00e9<\/strong><strong>. <\/strong><\/p><p><b>Kyabj\u00e9 Sharpa Choej\u00e9 Rinpoch\u00e9 Ngawang Jord\u00e8n<\/b> devrait devenir le 107\u00e8me Gand\u00e8n Tripa.<\/p><p>Vous pouvez consulter la biographie concise de Son Eminence ici : <a href=\"https:\/\/nalanda-monastery.eu\/wp-content\/uploads\/2026\/02\/The%20concise%20biography%20of%20His%20Eminence%20Sharpa%20Ch%C3%B6j%C3%A9%20Ngawang%20J%C3%B6rden%20Rinpoche.pdf\">Ngawang Jord\u00e8n Rinpoch\u00e9<\/a><\/p><p>Nous avons la grande chance d'accueillir Son Eminence Sharpa Choej\u00e9 Rinpoch\u00e9 J\u00e9tsun Ngawang P\u00e4l Sangpo pour la 3e \u00e9dition du Gu\u00e9loug Monlam en 2026. Nous avons \u00e9galement l'immense privil\u00e8ge qu'il donne une s\u00e9rie d'expos\u00e9s sur le texte de Lama Tsongkhapa \u00ab Hommage \u00e0 la production d\u00e9pendante \u00bb. Vous pouvez en savoir plus sur ce texte et lire la traduction originale de Gu\u00e9sh\u00e9 Los\u00e8l (en anglais) ici : <a href=\"https:\/\/nalanda-monastery.eu\/wp-content\/uploads\/2026\/03\/PfDRVerses19Jun11.pdf\">Praise for Dependent Relativity<\/a><\/p><p>Le programme :\u00a0<\/p><ul><li><strong>Samedi 7 Mars 2026 :<\/strong><ul><li>10:00 \u00e0 12:00 \u2013 discussion sur \u201cHommage \u00e0 la production d\u00e9pendante\u201d\u00a0<\/li><li>14:30 to 16:30 &#8211; talk on &#8220;In Praise of Dependent Origination&#8221;<\/li><\/ul><\/li><li><strong>Dimanche 8 Mars 2026 :<\/strong><ul><li>10:00 \u00e0 12:00 \u2013 discussion sur \u201cHommage \u00e0 la production d\u00e9pendante\u201d<\/li><li>14:30 to 16:30 &#8211; talk on &#8220;In Praise of Dependent Origination&#8221;<\/li><\/ul><\/li><li><strong>Lundi 9 Mars 2026 :<\/strong><ul><li>10:00 \u00e0 12:00 \u2013 discussion sur \u201cHommage \u00e0 la production d\u00e9pendante\u201d<\/li><li>14:30 to 16:30 &#8211; talk on &#8220;In Praise of Dependent Origination&#8221;<\/li><\/ul><\/li><\/ul>\t\t\t\t\t\t\t\t<\/div>\n\t\t\t\t<\/div>\n\t\t\t\t<div class=\"elementor-element elementor-element-0f684d6 elementor-widget elementor-widget-text-editor\" data-id=\"0f684d6\" data-element_type=\"widget\" data-e-type=\"widget\" data-widget_type=\"text-editor.default\">\n\t\t\t\t<div class=\"elementor-widget-container\">\n\t\t\t\t\t\t\t\t\t<p><strong>Suivant le saint souhait de Lama Zopa Rinpoch\u00e9 d'introduire le Monlam en Occident, le monast\u00e8re de Nalanda a lanc\u00e9 en f\u00e9vrier 2024 la tradition du <a href=\"https:\/\/nalanda-monastery.eu\/gelug-monlam\/\">festival du Monlam Gu\u00e9loug en Occident<\/a>.\u00a0<\/strong><strong>Venez vous joindre \u00e0 nous pour la troisi\u00e8me \u00e9dition de cet \u00e9v\u00e9nement hautement significatif !<\/strong><\/p>\t\t\t\t\t\t\t\t<\/div>\n\t\t\t\t<\/div>\n\t\t\t\t<div class=\"elementor-element elementor-element-0410f43 elementor-widget__width-initial elementor-widget elementor-widget-text-editor\" data-id=\"0410f43\" data-element_type=\"widget\" data-e-type=\"widget\" data-widget_type=\"text-editor.default\">\n\t\t\t\t<div class=\"elementor-widget-container\">\n\t\t\t\t\t\t\t\t\t<p>Inscription :<\/p><p><b>Le montant minimum de participation sugg\u00e9r\u00e9 \u00e0 l'\u00e9v\u00e9nement est de 30\u20ac<\/b> par jour, aussi bien en pr\u00e9sentiel qu'en ligne (gratuit pour la Sangha). Les repas et h\u00e9bergements en option sont en extra (r\u00e9duction de 50% pour la Sangha).<\/p><p>Pour la participation en ligne, nous vous transmettrons un lien un jour avant le d\u00e9but des enseignements, sur vos e-mails d'inscription.\u00a0<\/p><p>Si ce montant est trop \u00e9l\u00e9v\u00e9 pour vous, vous pouvez contacter le directeur sur\u00a0<a href=\"mailto:director@nalanda-monastery.eu\">director@nalanda-monastery.eu<\/a>. Les finances ne doivent pas \u00eatre un obstacle pour recevoir des enseignements du Dharma.<\/p>\t\t\t\t\t\t\t\t<\/div>\n\t\t\t\t<\/div>\n\t\t\t\t<div class=\"elementor-element elementor-element-9a899a8 elementor-align-center elementor-widget elementor-widget-button\" data-id=\"9a899a8\" data-element_type=\"widget\" data-e-type=\"widget\" data-widget_type=\"button.default\">\n\t\t\t\t<div class=\"elementor-widget-container\">\n\t\t\t\t\t\t\t\t\t<div class=\"elementor-button-wrapper\">\n\t\t\t\t\t<a class=\"elementor-button elementor-button-link elementor-size-sm\" href=\"https:\/\/booking.seminardesk.de\/fr\/nalanda-monastery\/b2e5429c4d164494a75528443cdeff23\/his-eminence-sharpa-choje-rinpoche\">\n\t\t\t\t\t\t<span class=\"elementor-button-content-wrapper\">\n\t\t\t\t\t\t\t\t\t<span class=\"elementor-button-text\">Inscription<\/span>\n\t\t\t\t\t<\/span>\n\t\t\t\t\t<\/a>\n\t\t\t\t<\/div>\n\t\t\t\t\t\t\t\t<\/div>\n\t\t\t\t<\/div>\n\t\t\t\t\t<\/div>\n\t\t<\/div>\n\t\t\t\t\t<\/div>\n\t\t<\/section>\n\t\t\t\t<\/div>","protected":false},"excerpt":{"rendered":"<p>His Eminence Sharpa Ch\u00f6je Ngawang J\u00f6rden Rinpoche The Ganden Tripa, the head of the Gelug order, is not a reincarnation lineage\u00a0 but is instead appointed once every 7 years, from alternatively one of the two Ch\u00f6jes or &#8220;Dharma Masters&#8221;: the former abbot of Gyume Monastery becomes the Jangtse Ch\u00f6je while the former abbot of Gyuto &hellip;<\/p>\n<p class=\"read-more\"> <a class=\"\" href=\"https:\/\/nalanda-monastery.eu\/fr\/sharpa_choje_rinpoche\/\"> <span class=\"screen-reader-text\">Sharpa Choje Rinpoche<\/span> Lire la suite\u00a0\u00bb<\/a><\/p>","protected":false},"author":125,"featured_media":0,"parent":0,"menu_order":0,"comment_status":"closed","ping_status":"closed","template":"","meta":{"_acf_changed":false,"give_campaign_id":0,"site-sidebar-layout":"no-sidebar","site-content-layout":"page-builder","ast-global-header-display":"","ast-main-header-display":"","ast-hfb-above-header-display":"","ast-hfb-below-header-display":"","ast-hfb-mobile-header-display":"","site-post-title":"disabled","ast-breadcrumbs-content":"","ast-featured-img":"disabled","footer-sml-layout":"","theme-transparent-header-meta":"","adv-header-id-meta":"","stick-header-meta":"","header-above-stick-meta":"","header-main-stick-meta":"","header-below-stick-meta":"","footnotes":""},"class_list":["post-19168","page","type-page","status-publish","hentry"],"acf":[],"yoast_head":"<!-- This site is optimized with the Yoast SEO plugin v27.4 - https:\/\/yoast.com\/product\/yoast-seo-wordpress\/ -->\n<title>Sharpa Choje Rinpoche &#8212; Nalanda Monastery<\/title>\n<meta name=\"robots\" content=\"index, follow, max-snippet:-1, max-image-preview:large, max-video-preview:-1\" \/>\n<link rel=\"canonical\" href=\"https:\/\/nalanda-monastery.eu\/fr\/sharpa_choje_rinpoche\/\" \/>\n<meta property=\"og:locale\" content=\"fr_FR\" \/>\n<meta property=\"og:type\" content=\"article\" \/>\n<meta property=\"og:title\" content=\"Sharpa Choje Rinpoche &#8212; Nalanda Monastery\" \/>\n<meta property=\"og:description\" content=\"His Eminence Sharpa Ch\u00f6je Ngawang J\u00f6rden Rinpoche The Ganden Tripa, the head of the Gelug order, is not a reincarnation lineage\u00a0 but is instead appointed once every 7 years, from alternatively one of the two Ch\u00f6jes or &#8220;Dharma Masters&#8221;: the former abbot of Gyume Monastery becomes the Jangtse Ch\u00f6je while the former abbot of Gyuto &hellip; Sharpa Choje Rinpoche Lire la suite\u00a0\u00bb\" \/>\n<meta property=\"og:url\" content=\"https:\/\/nalanda-monastery.eu\/fr\/sharpa_choje_rinpoche\/\" \/>\n<meta property=\"og:site_name\" content=\"Nalanda Monastery\" \/>\n<meta property=\"article:publisher\" content=\"https:\/\/www.facebook.com\/Nalanda.Monastery\/\" \/>\n<meta property=\"article:modified_time\" content=\"2026-03-07T11:33:34+00:00\" \/>\n<meta name=\"twitter:card\" content=\"summary_large_image\" \/>\n<meta name=\"twitter:label1\" content=\"Dur\u00e9e de lecture estim\u00e9e\" \/>\n\t<meta name=\"twitter:data1\" content=\"2 minutes\" \/>\n<script type=\"application\/ld+json\" class=\"yoast-schema-graph\">{\"@context\":\"https:\\\/\\\/schema.org\",\"@graph\":[{\"@type\":\"WebPage\",\"@id\":\"https:\\\/\\\/nalanda-monastery.eu\\\/sharpa_choje_rinpoche\\\/\",\"url\":\"https:\\\/\\\/nalanda-monastery.eu\\\/sharpa_choje_rinpoche\\\/\",\"name\":\"Sharpa Choje Rinpoche &#8212; Nalanda Monastery\",\"isPartOf\":{\"@id\":\"https:\\\/\\\/nalanda-monastery.eu\\\/#website\"},\"datePublished\":\"2026-02-10T10:32:45+00:00\",\"dateModified\":\"2026-03-07T11:33:34+00:00\",\"breadcrumb\":{\"@id\":\"https:\\\/\\\/nalanda-monastery.eu\\\/sharpa_choje_rinpoche\\\/#breadcrumb\"},\"inLanguage\":\"fr-FR\",\"potentialAction\":[{\"@type\":\"ReadAction\",\"target\":[\"https:\\\/\\\/nalanda-monastery.eu\\\/sharpa_choje_rinpoche\\\/\"]}]},{\"@type\":\"BreadcrumbList\",\"@id\":\"https:\\\/\\\/nalanda-monastery.eu\\\/sharpa_choje_rinpoche\\\/#breadcrumb\",\"itemListElement\":[{\"@type\":\"ListItem\",\"position\":1,\"name\":\"Home\",\"item\":\"https:\\\/\\\/nalanda-monastery.eu\\\/\"},{\"@type\":\"ListItem\",\"position\":2,\"name\":\"Sharpa Choje Rinpoche\"}]},{\"@type\":\"WebSite\",\"@id\":\"https:\\\/\\\/nalanda-monastery.eu\\\/#website\",\"url\":\"https:\\\/\\\/nalanda-monastery.eu\\\/\",\"name\":\"Nalanda Monastery\",\"description\":\"Tibetan buddhist monastery in the Gelugpa tradition; Dharma studies and practice\",\"publisher\":{\"@id\":\"https:\\\/\\\/nalanda-monastery.eu\\\/#organization\"},\"potentialAction\":[{\"@type\":\"SearchAction\",\"target\":{\"@type\":\"EntryPoint\",\"urlTemplate\":\"https:\\\/\\\/nalanda-monastery.eu\\\/?s={search_term_string}\"},\"query-input\":{\"@type\":\"PropertyValueSpecification\",\"valueRequired\":true,\"valueName\":\"search_term_string\"}}],\"inLanguage\":\"fr-FR\"},{\"@type\":\"Organization\",\"@id\":\"https:\\\/\\\/nalanda-monastery.eu\\\/#organization\",\"name\":\"Nalanda Monastery\",\"url\":\"https:\\\/\\\/nalanda-monastery.eu\\\/\",\"logo\":{\"@type\":\"ImageObject\",\"inLanguage\":\"fr-FR\",\"@id\":\"https:\\\/\\\/nalanda-monastery.eu\\\/#\\\/schema\\\/logo\\\/image\\\/\",\"url\":\"https:\\\/\\\/nalanda-monastery.eu\\\/wp-content\\\/uploads\\\/2020\\\/04\\\/Spiritual-Logo-nntransparent-72dpi-white-4-copy.png\",\"contentUrl\":\"https:\\\/\\\/nalanda-monastery.eu\\\/wp-content\\\/uploads\\\/2020\\\/04\\\/Spiritual-Logo-nntransparent-72dpi-white-4-copy.png\",\"width\":400,\"height\":438,\"caption\":\"Nalanda Monastery\"},\"image\":{\"@id\":\"https:\\\/\\\/nalanda-monastery.eu\\\/#\\\/schema\\\/logo\\\/image\\\/\"},\"sameAs\":[\"https:\\\/\\\/www.facebook.com\\\/Nalanda.Monastery\\\/\"]}]}<\/script>\n<!-- \/ Yoast SEO plugin. -->","yoast_head_json":{"title":"Sharpa Choje Rinpoche &#8212; Nalanda Monastery","robots":{"index":"index","follow":"follow","max-snippet":"max-snippet:-1","max-image-preview":"max-image-preview:large","max-video-preview":"max-video-preview:-1"},"canonical":"https:\/\/nalanda-monastery.eu\/fr\/sharpa_choje_rinpoche\/","og_locale":"fr_FR","og_type":"article","og_title":"Sharpa Choje Rinpoche &#8212; Nalanda Monastery","og_description":"His Eminence Sharpa Ch\u00f6je Ngawang J\u00f6rden Rinpoche The Ganden Tripa, the head of the Gelug order, is not a reincarnation lineage\u00a0 but is instead appointed once every 7 years, from alternatively one of the two Ch\u00f6jes or &#8220;Dharma Masters&#8221;: the former abbot of Gyume Monastery becomes the Jangtse Ch\u00f6je while the former abbot of Gyuto &hellip; Sharpa Choje Rinpoche Lire la suite\u00a0\u00bb","og_url":"https:\/\/nalanda-monastery.eu\/fr\/sharpa_choje_rinpoche\/","og_site_name":"Nalanda Monastery","article_publisher":"https:\/\/www.facebook.com\/Nalanda.Monastery\/","article_modified_time":"2026-03-07T11:33:34+00:00","twitter_card":"summary_large_image","twitter_misc":{"Dur\u00e9e de lecture estim\u00e9e":"2 minutes"},"schema":{"@context":"https:\/\/schema.org","@graph":[{"@type":"WebPage","@id":"https:\/\/nalanda-monastery.eu\/sharpa_choje_rinpoche\/","url":"https:\/\/nalanda-monastery.eu\/sharpa_choje_rinpoche\/","name":"Sharpa Choje Rinpoche &#8212; Nalanda Monastery","isPartOf":{"@id":"https:\/\/nalanda-monastery.eu\/#website"},"datePublished":"2026-02-10T10:32:45+00:00","dateModified":"2026-03-07T11:33:34+00:00","breadcrumb":{"@id":"https:\/\/nalanda-monastery.eu\/sharpa_choje_rinpoche\/#breadcrumb"},"inLanguage":"fr-FR","potentialAction":[{"@type":"ReadAction","target":["https:\/\/nalanda-monastery.eu\/sharpa_choje_rinpoche\/"]}]},{"@type":"BreadcrumbList","@id":"https:\/\/nalanda-monastery.eu\/sharpa_choje_rinpoche\/#breadcrumb","itemListElement":[{"@type":"ListItem","position":1,"name":"Home","item":"https:\/\/nalanda-monastery.eu\/"},{"@type":"ListItem","position":2,"name":"Sharpa Choje Rinpoche"}]},{"@type":"WebSite","@id":"https:\/\/nalanda-monastery.eu\/#website","url":"https:\/\/nalanda-monastery.eu\/","name":"Le monast\u00e8re Nalanda","description":"Tibetan buddhist monastery in the Gelugpa tradition; Dharma studies and practice","publisher":{"@id":"https:\/\/nalanda-monastery.eu\/#organization"},"potentialAction":[{"@type":"SearchAction","target":{"@type":"EntryPoint","urlTemplate":"https:\/\/nalanda-monastery.eu\/?s={search_term_string}"},"query-input":{"@type":"PropertyValueSpecification","valueRequired":true,"valueName":"search_term_string"}}],"inLanguage":"fr-FR"},{"@type":"Organization","@id":"https:\/\/nalanda-monastery.eu\/#organization","name":"Le monast\u00e8re Nalanda","url":"https:\/\/nalanda-monastery.eu\/","logo":{"@type":"ImageObject","inLanguage":"fr-FR","@id":"https:\/\/nalanda-monastery.eu\/#\/schema\/logo\/image\/","url":"https:\/\/nalanda-monastery.eu\/wp-content\/uploads\/2020\/04\/Spiritual-Logo-nntransparent-72dpi-white-4-copy.png","contentUrl":"https:\/\/nalanda-monastery.eu\/wp-content\/uploads\/2020\/04\/Spiritual-Logo-nntransparent-72dpi-white-4-copy.png","width":400,"height":438,"caption":"Nalanda Monastery"},"image":{"@id":"https:\/\/nalanda-monastery.eu\/#\/schema\/logo\/image\/"},"sameAs":["https:\/\/www.facebook.com\/Nalanda.Monastery\/"]}]}},"campaignId":"","_links":{"self":[{"href":"https:\/\/nalanda-monastery.eu\/fr\/wp-json\/wp\/v2\/pages\/19168","targetHints":{"allow":["GET"]}}],"collection":[{"href":"https:\/\/nalanda-monastery.eu\/fr\/wp-json\/wp\/v2\/pages"}],"about":[{"href":"https:\/\/nalanda-monastery.eu\/fr\/wp-json\/wp\/v2\/types\/page"}],"author":[{"embeddable":true,"href":"https:\/\/nalanda-monastery.eu\/fr\/wp-json\/wp\/v2\/users\/125"}],"replies":[{"embeddable":true,"href":"https:\/\/nalanda-monastery.eu\/fr\/wp-json\/wp\/v2\/comments?post=19168"}],"version-history":[{"count":55,"href":"https:\/\/nalanda-monastery.eu\/fr\/wp-json\/wp\/v2\/pages\/19168\/revisions"}],"predecessor-version":[{"id":19531,"href":"https:\/\/nalanda-monastery.eu\/fr\/wp-json\/wp\/v2\/pages\/19168\/revisions\/19531"}],"wp:attachment":[{"href":"https:\/\/nalanda-monastery.eu\/fr\/wp-json\/wp\/v2\/media?parent=19168"}],"curies":[{"name":"wp","href":"https:\/\/api.w.org\/{rel}","templated":true}]}}