{"id":5441,"date":"2022-03-03T14:08:47","date_gmt":"2022-03-03T13:08:47","guid":{"rendered":"https:\/\/nalanda-monastery.eu\/?page_id=5441"},"modified":"2026-02-24T15:06:22","modified_gmt":"2026-02-24T14:06:22","slug":"giving","status":"publish","type":"page","link":"https:\/\/nalanda-monastery.eu\/fr\/giving\/","title":{"rendered":"Dons"},"content":{"rendered":"<div data-elementor-type=\"wp-page\" data-elementor-id=\"5441\" class=\"elementor elementor-5441\" data-elementor-post-type=\"page\">\n\t\t\t\t\t\t<section class=\"elementor-section elementor-top-section elementor-element elementor-element-4b21cd7 elementor-section-height-min-height elementor-section-items-bottom elementor-section-content-middle elementor-section-boxed elementor-section-height-default\" data-id=\"4b21cd7\" data-element_type=\"section\" data-e-type=\"section\" data-settings=\"{&quot;background_background&quot;:&quot;classic&quot;,&quot;shape_divider_bottom&quot;:&quot;wave-brush&quot;}\">\n\t\t\t\t\t\t\t<div class=\"elementor-background-overlay\"><\/div>\n\t\t\t\t\t\t<div class=\"elementor-shape elementor-shape-bottom\" aria-hidden=\"true\" data-negative=\"false\">\n\t\t\t<svg xmlns=\"http:\/\/www.w3.org\/2000\/svg\" viewbox=\"0 0 283.5 27.8\" preserveaspectratio=\"none\">\n\t<path class=\"elementor-shape-fill\" d=\"M283.5,9.7c0,0-7.3,4.3-14,4.6c-6.8,0.3-12.6,0-20.9-1.5c-11.3-2-33.1-10.1-44.7-5.7\ts-12.1,4.6-18,7.4c-6.6,3.2-20,9.6-36.6,9.3C131.6,23.5,99.5,7.2,86.3,8c-1.4,0.1-6.6,0.8-10.5,2c-3.8,1.2-9.4,3.8-17,4.7\tc-3.2,0.4-8.3,1.1-14.2,0.9c-1.5-0.1-6.3-0.4-12-1.6c-5.7-1.2-11-3.1-15.8-3.7C6.5,9.2,0,10.8,0,10.8V0h283.5V9.7z M260.8,11.3\tc-0.7-1-2-0.4-4.3-0.4c-2.3,0-6.1-1.2-5.8-1.1c0.3,0.1,3.1,1.5,6,1.9C259.7,12.2,261.4,12.3,260.8,11.3z M242.4,8.6\tc0,0-2.4-0.2-5.6-0.9c-3.2-0.8-10.3-2.8-15.1-3.5c-8.2-1.1-15.8,0-15.1,0.1c0.8,0.1,9.6-0.6,17.6,1.1c3.3,0.7,9.3,2.2,12.4,2.7\tC239.9,8.7,242.4,8.6,242.4,8.6z M185.2,8.5c1.7-0.7-13.3,4.7-18.5,6.1c-2.1,0.6-6.2,1.6-10,2c-3.9,0.4-8.9,0.4-8.8,0.5\tc0,0.2,5.8,0.8,11.2,0c5.4-0.8,5.2-1.1,7.6-1.6C170.5,14.7,183.5,9.2,185.2,8.5z M199.1,6.9c0.2,0-0.8-0.4-4.8,1.1\tc-4,1.5-6.7,3.5-6.9,3.7c-0.2,0.1,3.5-1.8,6.6-3C197,7.5,199,6.9,199.1,6.9z M283,6c-0.1,0.1-1.9,1.1-4.8,2.5s-6.9,2.8-6.7,2.7\tc0.2,0,3.5-0.6,7.4-2.5C282.8,6.8,283.1,5.9,283,6z M31.3,11.6c0.1-0.2-1.9-0.2-4.5-1.2s-5.4-1.6-7.8-2C15,7.6,7.3,8.5,7.7,8.6\tC8,8.7,15.9,8.3,20.2,9.3c2.2,0.5,2.4,0.5,5.7,1.6S31.2,11.9,31.3,11.6z M73,9.2c0.4-0.1,3.5-1.6,8.4-2.6c4.9-1.1,8.9-0.5,8.9-0.8\tc0-0.3-1-0.9-6.2-0.3S72.6,9.3,73,9.2z M71.6,6.7C71.8,6.8,75,5.4,77.3,5c2.3-0.3,1.9-0.5,1.9-0.6c0-0.1-1.1-0.2-2.7,0.2\tC74.8,5.1,71.4,6.6,71.6,6.7z M93.6,4.4c0.1,0.2,3.5,0.8,5.6,1.8c2.1,1,1.8,0.6,1.9,0.5c0.1-0.1-0.8-0.8-2.4-1.3\tC97.1,4.8,93.5,4.2,93.6,4.4z M65.4,11.1c-0.1,0.3,0.3,0.5,1.9-0.2s2.6-1.3,2.2-1.2s-0.9,0.4-2.5,0.8C65.3,10.9,65.5,10.8,65.4,11.1\tz M34.5,12.4c-0.2,0,2.1,0.8,3.3,0.9c1.2,0.1,2,0.1,2-0.2c0-0.3-0.1-0.5-1.6-0.4C36.6,12.8,34.7,12.4,34.5,12.4z M152.2,21.1\tc-0.1,0.1-2.4-0.3-7.5-0.3c-5,0-13.6-2.4-17.2-3.5c-3.6-1.1,10,3.9,16.5,4.1C150.5,21.6,152.3,21,152.2,21.1z\"\/>\n\t<path class=\"elementor-shape-fill\" d=\"M269.6,18c-0.1-0.1-4.6,0.3-7.2,0c-7.3-0.7-17-3.2-16.6-2.9c0.4,0.3,13.7,3.1,17,3.3\tC267.7,18.8,269.7,18,269.6,18z\"\/>\n\t<path class=\"elementor-shape-fill\" d=\"M227.4,9.8c-0.2-0.1-4.5-1-9.5-1.2c-5-0.2-12.7,0.6-12.3,0.5c0.3-0.1,5.9-1.8,13.3-1.2\tS227.6,9.9,227.4,9.8z\"\/>\n\t<path class=\"elementor-shape-fill\" d=\"M204.5,13.4c-0.1-0.1,2-1,3.2-1.1c1.2-0.1,2,0,2,0.3c0,0.3-0.1,0.5-1.6,0.4\tC206.4,12.9,204.6,13.5,204.5,13.4z\"\/>\n\t<path class=\"elementor-shape-fill\" d=\"M201,10.6c0-0.1-4.4,1.2-6.3,2.2c-1.9,0.9-6.2,3.1-6.1,3.1c0.1,0.1,4.2-1.6,6.3-2.6\tS201,10.7,201,10.6z\"\/>\n\t<path class=\"elementor-shape-fill\" d=\"M154.5,26.7c-0.1-0.1-4.6,0.3-7.2,0c-7.3-0.7-17-3.2-16.6-2.9c0.4,0.3,13.7,3.1,17,3.3\tC152.6,27.5,154.6,26.8,154.5,26.7z\"\/>\n\t<path class=\"elementor-shape-fill\" d=\"M41.9,19.3c0,0,1.2-0.3,2.9-0.1c1.7,0.2,5.8,0.9,8.2,0.7c4.2-0.4,7.4-2.7,7-2.6\tc-0.4,0-4.3,2.2-8.6,1.9c-1.8-0.1-5.1-0.5-6.7-0.4S41.9,19.3,41.9,19.3z\"\/>\n\t<path class=\"elementor-shape-fill\" d=\"M75.5,12.6c0.2,0.1,2-0.8,4.3-1.1c2.3-0.2,2.1-0.3,2.1-0.5c0-0.1-1.8-0.4-3.4,0\tC76.9,11.5,75.3,12.5,75.5,12.6z\"\/>\n\t<path class=\"elementor-shape-fill\" d=\"M15.6,13.2c0-0.1,4.3,0,6.7,0.5c2.4,0.5,5,1.9,5,2c0,0.1-2.7-0.8-5.1-1.4\tC19.9,13.7,15.7,13.3,15.6,13.2z\"\/>\n<\/svg>\t\t<\/div>\n\t\t\t\t\t<div class=\"elementor-container elementor-column-gap-default\">\n\t\t\t\t\t<div class=\"elementor-column elementor-col-100 elementor-top-column elementor-element elementor-element-eaa32da\" data-id=\"eaa32da\" data-element_type=\"column\" data-e-type=\"column\" data-settings=\"{&quot;background_background&quot;:&quot;classic&quot;}\">\n\t\t\t<div class=\"elementor-widget-wrap elementor-element-populated\">\n\t\t\t\t\t\t<div class=\"elementor-element elementor-element-02dfa49 elementor-widget__width-initial elementor-invisible elementor-widget elementor-widget-heading\" data-id=\"02dfa49\" data-element_type=\"widget\" data-e-type=\"widget\" data-settings=\"{&quot;_animation&quot;:&quot;fadeIn&quot;}\" data-widget_type=\"heading.default\">\n\t\t\t\t<div class=\"elementor-widget-container\">\n\t\t\t\t\t<h1 class=\"elementor-heading-title elementor-size-xl\">Aider le monast\u00e8re de Nalanda<\/h1>\t\t\t\t<\/div>\n\t\t\t\t<\/div>\n\t\t\t\t\t<\/div>\n\t\t<\/div>\n\t\t\t\t\t<\/div>\n\t\t<\/section>\n\t\t\t\t<section class=\"elementor-section elementor-top-section elementor-element elementor-element-b326552 elementor-section-content-top elementor-section-boxed elementor-section-height-default elementor-section-height-default\" data-id=\"b326552\" data-element_type=\"section\" data-e-type=\"section\" data-settings=\"{&quot;background_background&quot;:&quot;classic&quot;}\">\n\t\t\t\t\t\t<div class=\"elementor-container elementor-column-gap-no\">\n\t\t\t\t\t<div class=\"elementor-column elementor-col-100 elementor-top-column elementor-element elementor-element-97b6a58\" data-id=\"97b6a58\" data-element_type=\"column\" data-e-type=\"column\">\n\t\t\t<div class=\"elementor-widget-wrap\">\n\t\t\t\t\t\t\t<\/div>\n\t\t<\/div>\n\t\t\t\t\t<\/div>\n\t\t<\/section>\n\t\t\t\t<section class=\"elementor-section elementor-top-section elementor-element elementor-element-489c28f elementor-section-content-top elementor-section-boxed elementor-section-height-default elementor-section-height-default\" data-id=\"489c28f\" data-element_type=\"section\" data-e-type=\"section\" data-settings=\"{&quot;background_background&quot;:&quot;classic&quot;}\">\n\t\t\t\t\t\t<div class=\"elementor-container elementor-column-gap-no\">\n\t\t\t\t\t<div class=\"elementor-column elementor-col-50 elementor-top-column elementor-element elementor-element-9969808\" data-id=\"9969808\" data-element_type=\"column\" data-e-type=\"column\">\n\t\t\t<div class=\"elementor-widget-wrap elementor-element-populated\">\n\t\t\t\t\t\t<div class=\"elementor-element elementor-element-b81cc00 elementor-widget elementor-widget-heading\" data-id=\"b81cc00\" data-element_type=\"widget\" data-e-type=\"widget\" data-widget_type=\"heading.default\">\n\t\t\t\t<div class=\"elementor-widget-container\">\n\t\t\t\t\t<h2 class=\"elementor-heading-title elementor-size-default\">Diff\u00e9rentes mani\u00e8res de donner<\/h2>\t\t\t\t<\/div>\n\t\t\t\t<\/div>\n\t\t\t\t<div class=\"elementor-element elementor-element-ee48687 elementor-widget elementor-widget-text-editor\" data-id=\"ee48687\" data-element_type=\"widget\" data-e-type=\"widget\" data-widget_type=\"text-editor.default\">\n\t\t\t\t<div class=\"elementor-widget-container\">\n\t\t\t\t\t\t\t\t\t<p class=\"p1\"><strong>Vous pouvez nous aider et contribuer \u00e0 ce que nous puissions suivre les conseils de Lama Zopa Rinpoch\u00e9 en participant au parrainage pour :<\/strong><\/p><ol><li><b>Donnez l\u00e0 o\u00f9 c'est le plus n\u00e9cessaire<\/b><b><br \/><\/b><\/li><li><strong>Troisi\u00e8me Monlam gu\u00e9loug<\/strong><\/li><li><strong>Tsa-tsas pour le stoupa de Lama Zopa Rinpoch\u00e9 \u00e0 ILTK<\/strong><\/li><li><strong>Thangka de Kalaroupa<\/strong><\/li><li><b>Offrande de lumi\u00e8re Led tib\u00e9taine<\/b><\/li><li><b>Contribution aux programmes d'\u00e9tudes<\/b><\/li><li><b>Assurance maladie des moines<\/b><\/li><li><strong>R\u00e9novation des b\u00e2timents<\/strong><\/li><li><strong>Atelier d'art sacr\u00e9<\/strong><\/li><li><b>Projet de soins aux animaux<\/b><b><\/b><b><br \/><\/b><\/li><li><b>Garden and Wildlife Projects<\/b><\/li><li><b>Fonds alimentaire monastique<\/b><b><\/b><\/li><\/ol><p>Ce n'est que gr\u00e2ce \u00e0 votre bienveillance et \u00e0 votre g\u00e9n\u00e9rosit\u00e9 que Nalanda peut continuer \u00e0 cr\u00e9er un lieu o\u00f9 la Sangha peut vivre selon ses v\u0153ux et \u00eatre en mesure d'offrir des conditions favorables aux personnes du monde entier pour \u00e9tudier, contempler et m\u00e9diter le pr\u00e9cieux Dharma du Bouddha.<\/p>\t\t\t\t\t\t\t\t<\/div>\n\t\t\t\t<\/div>\n\t\t\t\t\t<\/div>\n\t\t<\/div>\n\t\t\t\t<div class=\"elementor-column elementor-col-50 elementor-top-column elementor-element elementor-element-e58efd2\" data-id=\"e58efd2\" data-element_type=\"column\" data-e-type=\"column\">\n\t\t\t<div class=\"elementor-widget-wrap elementor-element-populated\">\n\t\t\t\t\t\t<div class=\"elementor-element elementor-element-ca58e98 elementor-widget elementor-widget-Give Form\" data-id=\"ca58e98\" data-element_type=\"widget\" data-e-type=\"widget\" data-widget_type=\"Give Form.default\">\n\t\t\t\t<div class=\"elementor-widget-container\">\n\t\t\t\t\t<div class=\"givewp-elementor-widget give-form-shortcode-wrap\"><div class=\"give-embed-form-wrapper\" id=\"give-69f3156d967f6\"><iframe\n\t\t\t\tname=\"give-embed-form\"\n\t\t\t\tsrc=\"https:\/\/nalanda-monastery.eu\/fr\/give\/general-donations-2?giveDonationFormInIframe=1\"\n\t\t\t\t\n\t\t\t\tdata-autoscroll=\"0\"\n\t\t\t\tonload=\"if( 'undefined' !== typeof Give ) { Give.initializeIframeResize(this) }\"\n\t\t\t\tstyle=\"border: 0;visibility: hidden;min-height: 598px;\"><\/iframe><div class=\"iframe-loader\">\n<div style=\"\t\theight: calc(100% - 28px);\t\twidth: calc(100% - 20px);\t\tmax-width: 552px;\t\tmargin: 10px auto 10px auto;\t\tbackground: #fff;\t\tborder-radius: 6px;\t\tdisplay: flex;\t\talign-items: center;\t\tjustify-content: center;\t\t-webkit-box-shadow: 0 2px 2px 0 rgba(0, 0, 0, 0.14),\t\t\t0 3px 1px -2px rgba(0, 0, 0, 0.2),\t\t\t0 1px 5px 0 rgba(0, 0, 0, 0.12);\t\tbox-shadow: 0 2px 2px 0 rgba(0, 0, 0, 0.14),\t\t\t0 3px 1px -2px rgba(0, 0, 0, 0.2),\t\t\t0 1px 5px 0 rgba(0, 0, 0, 0.12);\t\">\n    <div style=\"        pointer-events: none;        height: 90px;        width: 90px;        background-image: url(&quot;data:image\/svg+xml;charset=utf8,%3C?xml version='1.0' encoding='utf-8'?%3E%3C!-- Generator: Adobe Illustrator 24.1.0, SVG Export Plug-In . SVG Version: 6.00 Build 0) --%3E%3Csvg version='1.1' id='Layer_1' xmlns='http:\/\/www.w3.org\/2000\/svg' xmlns:xlink='http:\/\/www.w3.org\/1999\/xlink' x='0px' y='0px' viewBox='0 0 349 348' style='enable-background:new 0 0 349 348;' xml:space='preserve'%3E%3Cstyle type='text\/css'%3E .st0{fill:%238f1323;} %3C\/style%3E%3Cpath class='st0' d='M25.1,204.57c-13.38,0-24.47-10.6-24.97-24.08C0.04,178.09,0,175.97,0,174C0,77.78,78.28-0.5,174.5-0.5 c13.81,0,25,11.19,25,25s-11.19,25-25,25C105.85,49.5,50,105.35,50,174c0,1.37,0.03,2.85,0.1,4.65c0.51,13.8-10.27,25.39-24.07,25.9 C25.72,204.56,25.41,204.57,25.1,204.57z'\/%3E%3Cpath class='st0' d='M174.5,348.5c-13.81,0-25-11.19-25-25c0-13.81,11.19-25,25-25c68.65,0,124.5-55.85,124.5-124.5 c0-1.38-0.03-2.85-0.1-4.65c-0.51-13.8,10.26-25.4,24.06-25.91c13.83-0.53,25.4,10.26,25.91,24.06c0.09,2.39,0.13,4.51,0.13,6.49 C349,270.22,270.72,348.5,174.5,348.5z'\/%3E%3C\/svg%3E&quot;);        animation: spin 0.6s linear infinite;        \"><\/div>\n<\/div>\n<\/div><\/div><\/div>\t\t\t\t<\/div>\n\t\t\t\t<\/div>\n\t\t\t\t\t<\/div>\n\t\t<\/div>\n\t\t\t\t\t<\/div>\n\t\t<\/section>\n\t\t\t\t<\/div>","protected":false},"excerpt":{"rendered":"<p>Supporting Nalanda Monastery Different ways to give You can help us continue to flourish and fulfill Lama Zopa Rinpoche&#8217;s advice by helping to sponsor: Give Where Most Needed Third Gelug Monlam Tsa-tsas for Lama Zopa Rinpoche&#8217;s Stupa at ILTK Kalarupa Thangka Led Tibetan Light Offering Study Program Contributions Monks Health Insurance Building Renovation Sacred art &hellip;<\/p>\n<p class=\"read-more\"> <a class=\"\" href=\"https:\/\/nalanda-monastery.eu\/fr\/giving\/\"> <span class=\"screen-reader-text\">Dons<\/span> Lire la suite\u00a0\u00bb<\/a><\/p>","protected":false},"author":119,"featured_media":0,"parent":0,"menu_order":0,"comment_status":"closed","ping_status":"closed","template":"","meta":{"_acf_changed":false,"give_campaign_id":0,"site-sidebar-layout":"no-sidebar","site-content-layout":"page-builder","ast-global-header-display":"","ast-main-header-display":"","ast-hfb-above-header-display":"","ast-hfb-below-header-display":"","ast-hfb-mobile-header-display":"","site-post-title":"disabled","ast-breadcrumbs-content":"","ast-featured-img":"disabled","footer-sml-layout":"","theme-transparent-header-meta":"default","adv-header-id-meta":"","stick-header-meta":"","header-above-stick-meta":"","header-main-stick-meta":"","header-below-stick-meta":"","footnotes":""},"class_list":["post-5441","page","type-page","status-publish","hentry"],"acf":[],"yoast_head":"<!-- This site is optimized with the Yoast SEO plugin v27.5 - https:\/\/yoast.com\/product\/yoast-seo-wordpress\/ -->\n<title>Donations &#8212; Nalanda Monastery<\/title>\n<meta name=\"robots\" content=\"index, follow, max-snippet:-1, max-image-preview:large, max-video-preview:-1\" \/>\n<link rel=\"canonical\" href=\"https:\/\/nalanda-monastery.eu\/fr\/giving\/\" \/>\n<meta property=\"og:locale\" content=\"fr_FR\" \/>\n<meta property=\"og:type\" content=\"article\" \/>\n<meta property=\"og:title\" content=\"Donations &#8212; Nalanda Monastery\" \/>\n<meta property=\"og:description\" content=\"Supporting Nalanda Monastery Different ways to give You can help us continue to flourish and fulfill Lama Zopa Rinpoche&#8217;s advice by helping to sponsor: Give Where Most Needed Third Gelug Monlam Tsa-tsas for Lama Zopa Rinpoche&#8217;s Stupa at ILTK Kalarupa Thangka Led Tibetan Light Offering Study Program Contributions Monks Health Insurance Building Renovation Sacred art &hellip; Donations Lire la suite\u00a0\u00bb\" \/>\n<meta property=\"og:url\" content=\"https:\/\/nalanda-monastery.eu\/fr\/giving\/\" \/>\n<meta property=\"og:site_name\" content=\"Nalanda Monastery\" \/>\n<meta property=\"article:publisher\" content=\"https:\/\/www.facebook.com\/Nalanda.Monastery\/\" \/>\n<meta property=\"article:modified_time\" content=\"2026-02-24T14:06:22+00:00\" \/>\n<meta name=\"twitter:card\" content=\"summary_large_image\" \/>\n<meta name=\"twitter:label1\" content=\"Dur\u00e9e de lecture estim\u00e9e\" \/>\n\t<meta name=\"twitter:data1\" content=\"1 minute\" \/>\n<script type=\"application\/ld+json\" class=\"yoast-schema-graph\">{\"@context\":\"https:\\\/\\\/schema.org\",\"@graph\":[{\"@type\":\"WebPage\",\"@id\":\"https:\\\/\\\/nalanda-monastery.eu\\\/giving\\\/\",\"url\":\"https:\\\/\\\/nalanda-monastery.eu\\\/giving\\\/\",\"name\":\"Donations &#8212; Nalanda Monastery\",\"isPartOf\":{\"@id\":\"https:\\\/\\\/nalanda-monastery.eu\\\/#website\"},\"datePublished\":\"2022-03-03T13:08:47+00:00\",\"dateModified\":\"2026-02-24T14:06:22+00:00\",\"breadcrumb\":{\"@id\":\"https:\\\/\\\/nalanda-monastery.eu\\\/giving\\\/#breadcrumb\"},\"inLanguage\":\"fr-FR\",\"potentialAction\":[{\"@type\":\"ReadAction\",\"target\":[\"https:\\\/\\\/nalanda-monastery.eu\\\/giving\\\/\"]}]},{\"@type\":\"BreadcrumbList\",\"@id\":\"https:\\\/\\\/nalanda-monastery.eu\\\/giving\\\/#breadcrumb\",\"itemListElement\":[{\"@type\":\"ListItem\",\"position\":1,\"name\":\"Home\",\"item\":\"https:\\\/\\\/nalanda-monastery.eu\\\/\"},{\"@type\":\"ListItem\",\"position\":2,\"name\":\"Donations\"}]},{\"@type\":\"WebSite\",\"@id\":\"https:\\\/\\\/nalanda-monastery.eu\\\/#website\",\"url\":\"https:\\\/\\\/nalanda-monastery.eu\\\/\",\"name\":\"Nalanda Monastery\",\"description\":\"Tibetan buddhist monastery in the Gelugpa tradition; Dharma studies and practice\",\"publisher\":{\"@id\":\"https:\\\/\\\/nalanda-monastery.eu\\\/#organization\"},\"potentialAction\":[{\"@type\":\"SearchAction\",\"target\":{\"@type\":\"EntryPoint\",\"urlTemplate\":\"https:\\\/\\\/nalanda-monastery.eu\\\/?s={search_term_string}\"},\"query-input\":{\"@type\":\"PropertyValueSpecification\",\"valueRequired\":true,\"valueName\":\"search_term_string\"}}],\"inLanguage\":\"fr-FR\"},{\"@type\":\"Organization\",\"@id\":\"https:\\\/\\\/nalanda-monastery.eu\\\/#organization\",\"name\":\"Nalanda Monastery\",\"url\":\"https:\\\/\\\/nalanda-monastery.eu\\\/\",\"logo\":{\"@type\":\"ImageObject\",\"inLanguage\":\"fr-FR\",\"@id\":\"https:\\\/\\\/nalanda-monastery.eu\\\/#\\\/schema\\\/logo\\\/image\\\/\",\"url\":\"https:\\\/\\\/nalanda-monastery.eu\\\/wp-content\\\/uploads\\\/2020\\\/04\\\/Spiritual-Logo-nntransparent-72dpi-white-4-copy.png\",\"contentUrl\":\"https:\\\/\\\/nalanda-monastery.eu\\\/wp-content\\\/uploads\\\/2020\\\/04\\\/Spiritual-Logo-nntransparent-72dpi-white-4-copy.png\",\"width\":400,\"height\":438,\"caption\":\"Nalanda Monastery\"},\"image\":{\"@id\":\"https:\\\/\\\/nalanda-monastery.eu\\\/#\\\/schema\\\/logo\\\/image\\\/\"},\"sameAs\":[\"https:\\\/\\\/www.facebook.com\\\/Nalanda.Monastery\\\/\"]}]}<\/script>\n<!-- \/ Yoast SEO plugin. -->","yoast_head_json":{"title":"Dons - Monast\u00e8re de Nalanda","robots":{"index":"index","follow":"follow","max-snippet":"max-snippet:-1","max-image-preview":"max-image-preview:large","max-video-preview":"max-video-preview:-1"},"canonical":"https:\/\/nalanda-monastery.eu\/fr\/giving\/","og_locale":"fr_FR","og_type":"article","og_title":"Donations &#8212; Nalanda Monastery","og_description":"Supporting Nalanda Monastery Different ways to give You can help us continue to flourish and fulfill Lama Zopa Rinpoche&#8217;s advice by helping to sponsor: Give Where Most Needed Third Gelug Monlam Tsa-tsas for Lama Zopa Rinpoche&#8217;s Stupa at ILTK Kalarupa Thangka Led Tibetan Light Offering Study Program Contributions Monks Health Insurance Building Renovation Sacred art &hellip; Donations Lire la suite\u00a0\u00bb","og_url":"https:\/\/nalanda-monastery.eu\/fr\/giving\/","og_site_name":"Nalanda Monastery","article_publisher":"https:\/\/www.facebook.com\/Nalanda.Monastery\/","article_modified_time":"2026-02-24T14:06:22+00:00","twitter_card":"summary_large_image","twitter_misc":{"Dur\u00e9e de lecture estim\u00e9e":"1 minute"},"schema":{"@context":"https:\/\/schema.org","@graph":[{"@type":"WebPage","@id":"https:\/\/nalanda-monastery.eu\/giving\/","url":"https:\/\/nalanda-monastery.eu\/giving\/","name":"Dons - Monast\u00e8re de Nalanda","isPartOf":{"@id":"https:\/\/nalanda-monastery.eu\/#website"},"datePublished":"2022-03-03T13:08:47+00:00","dateModified":"2026-02-24T14:06:22+00:00","breadcrumb":{"@id":"https:\/\/nalanda-monastery.eu\/giving\/#breadcrumb"},"inLanguage":"fr-FR","potentialAction":[{"@type":"ReadAction","target":["https:\/\/nalanda-monastery.eu\/giving\/"]}]},{"@type":"BreadcrumbList","@id":"https:\/\/nalanda-monastery.eu\/giving\/#breadcrumb","itemListElement":[{"@type":"ListItem","position":1,"name":"Home","item":"https:\/\/nalanda-monastery.eu\/"},{"@type":"ListItem","position":2,"name":"Donations"}]},{"@type":"WebSite","@id":"https:\/\/nalanda-monastery.eu\/#website","url":"https:\/\/nalanda-monastery.eu\/","name":"Le monast\u00e8re Nalanda","description":"Tibetan buddhist monastery in the Gelugpa tradition; Dharma studies and practice","publisher":{"@id":"https:\/\/nalanda-monastery.eu\/#organization"},"potentialAction":[{"@type":"SearchAction","target":{"@type":"EntryPoint","urlTemplate":"https:\/\/nalanda-monastery.eu\/?s={search_term_string}"},"query-input":{"@type":"PropertyValueSpecification","valueRequired":true,"valueName":"search_term_string"}}],"inLanguage":"fr-FR"},{"@type":"Organization","@id":"https:\/\/nalanda-monastery.eu\/#organization","name":"Le monast\u00e8re Nalanda","url":"https:\/\/nalanda-monastery.eu\/","logo":{"@type":"ImageObject","inLanguage":"fr-FR","@id":"https:\/\/nalanda-monastery.eu\/#\/schema\/logo\/image\/","url":"https:\/\/nalanda-monastery.eu\/wp-content\/uploads\/2020\/04\/Spiritual-Logo-nntransparent-72dpi-white-4-copy.png","contentUrl":"https:\/\/nalanda-monastery.eu\/wp-content\/uploads\/2020\/04\/Spiritual-Logo-nntransparent-72dpi-white-4-copy.png","width":400,"height":438,"caption":"Nalanda Monastery"},"image":{"@id":"https:\/\/nalanda-monastery.eu\/#\/schema\/logo\/image\/"},"sameAs":["https:\/\/www.facebook.com\/Nalanda.Monastery\/"]}]}},"campaignId":"","_links":{"self":[{"href":"https:\/\/nalanda-monastery.eu\/fr\/wp-json\/wp\/v2\/pages\/5441","targetHints":{"allow":["GET"]}}],"collection":[{"href":"https:\/\/nalanda-monastery.eu\/fr\/wp-json\/wp\/v2\/pages"}],"about":[{"href":"https:\/\/nalanda-monastery.eu\/fr\/wp-json\/wp\/v2\/types\/page"}],"author":[{"embeddable":true,"href":"https:\/\/nalanda-monastery.eu\/fr\/wp-json\/wp\/v2\/users\/119"}],"replies":[{"embeddable":true,"href":"https:\/\/nalanda-monastery.eu\/fr\/wp-json\/wp\/v2\/comments?post=5441"}],"version-history":[{"count":94,"href":"https:\/\/nalanda-monastery.eu\/fr\/wp-json\/wp\/v2\/pages\/5441\/revisions"}],"predecessor-version":[{"id":19340,"href":"https:\/\/nalanda-monastery.eu\/fr\/wp-json\/wp\/v2\/pages\/5441\/revisions\/19340"}],"wp:attachment":[{"href":"https:\/\/nalanda-monastery.eu\/fr\/wp-json\/wp\/v2\/media?parent=5441"}],"curies":[{"name":"wp","href":"https:\/\/api.w.org\/{rel}","templated":true}]}}